{"id":186,"date":"2025-04-24T12:43:31","date_gmt":"2025-04-24T09:43:31","guid":{"rendered":"http:\/\/wp-brawix.test\/?page_id=186"},"modified":"2026-02-13T15:58:42","modified_gmt":"2026-02-13T13:58:42","slug":"color-ppf","status":"publish","type":"page","link":"https:\/\/brawix.com\/cz\/color-ppf\/","title":{"rendered":"BRAWIX \u2013 Barevn\u00e1 ochrann\u00e1 f\u00f3lie na lak | Ochrana a styl"},"content":{"rendered":"<div class=\"bg-secondary-light\">\r\n    <div class=\"first-screen-banner w-100\">\r\n        <div class=\"banner-block d-flex flex-column justify-content-end\">\r\n            <div class=\"banner-item position-relative\">\r\n                <div class=\"position-absolute w-100 end-0 translate-middle-y\" style=\"top: 35%;\">\r\n                    <div class=\"container-fluid\">\r\n                        <div class=\"row justify-content-end align-items-center\">\r\n                            <div class=\"col-xl-7 col-xxl-8\">\r\n                                <div class=\"banner-caption position-relative text-start text-md-end py-0 bottom-0 start-0 end-0\">\r\n                                    <h1 class=\"text-white banner mb-3\"><span class=\"d-flex align-items-end justify-content-start justify-content-md-end gap-3 gap-sm-4\"><span>BAREVN\u00c1<\/span><span class=\"border border-white rounded-3 d-flex p-2 fw-medium text-white fs-5 mb-1 more-variants\">v\u00edce ne\u017e 150 mo\u017enost\u00ed<\/span><\/span>OCHRANN\u00c1 F\u00d3LIE NA LAK<br><span class=\"title-orange\">BRAWIX COLOR PPF<\/span><\/h1>\r\n                                <\/div>\r\n                            <\/div>\r\n                        <\/div>\r\n                    <\/div>\r\n                <\/div>\r\n                <div class=\"position-absolute w-100 left-0 banner-list-block\">\r\n                    <div class=\"container-fluid\">\r\n                        <div class=\"row justify-content-start align-items-end\">\r\n                            <div class=\"col-xl-6 col-xxl-5\">\r\n                                <ul class=\"banner-list list-unstyled px-sm-5 px-md-0\">\r\n                                    <li class=\"mb-3 px-4 px-md-3 py-2 rounded fw-medium\">\r\n                                        <span class=\"text-white d-flex gap-3 align-items-center\"><span>\u2022<\/span>Pln\u011b polyuretanov\u00e1 \u2013 190 mikron\u016f<\/span>\r\n                                    <\/li>\r\n                                    <li class=\"mb-3 px-4 px-md-3 py-2 rounded fw-medium\">\r\n                                        <span class=\"text-white d-flex gap-3 align-items-center\"><span>\u2022<\/span>Povrch se samoregenera\u010dn\u00ed schopnost\u00ed<\/span>\r\n                                    <\/li>\r\n                                    <li class=\"mb-3 px-4 px-md-3 py-2 rounded fw-medium\">\r\n                                        <span class=\"text-white d-flex gap-3 align-items-center\"><span>\u2022<\/span>Syt\u00e1, hlubok\u00e1 barva<\/span>\r\n                                    <\/li>\r\n                                    <li class=\"mb-3 px-4 px-md-3 py-2 rounded fw-medium\">\r\n                                        <span class=\"text-white d-flex gap-3 align-items-center\"><span>\u2022<\/span>Hydrofobn\u00ed efekt<\/span>\r\n                                    <\/li>\r\n                                    <li class=\"mb-3 px-4 px-md-3 py-2 rounded fw-medium\">\r\n                                        <span class=\"text-white d-flex gap-3 align-items-center\"><span>\u2022<\/span>Snadn\u00e1 instalace<\/span>                                       \r\n                                    <\/li>\r\n                                    <li class=\"mb-3 px-4 px-md-3 py-2 rounded fw-medium\">\r\n                                        <span class=\"text-white d-flex gap-3 align-items-center\"><span>\u2022<\/span>Form\u00e1t role: 1,52 \u00d7 17 m<\/span>                                       \r\n                                    <\/li>\r\n                                <\/ul>\r\n                            <\/div>\r\n                        <\/div>\r\n                    <\/div>\r\n                <\/div>\r\n            <\/div>        \r\n        <\/div>\r\n    <\/div>\r\n<\/div>\r\n<section class=\"py-5 overflow-y-hidden position-relative\" style=\"background: linear-gradient(90deg, #212121 0%, #303030 100%);\">\r\n    <div class=\"container-fluid my-4\">\r\n        <div class=\"row\">\r\n            <div class=\"col-md-7 col-xl-8\">\r\n                <h2 class=\"h1 banner text-uppercase mb-4\">Barevn\u00e1 polyuretanov\u00e1 ochrana<\/h2>\r\n                <p class=\"mb-4\">\u0160kr\u00e1bance, odletuj\u00edc\u00ed kam\u00ednky a ne\u010distoty jsou p\u0159i b\u011b\u017en\u00e9m provozu vozu nevyhnuteln\u00e9 \u2013 zejm\u00e9na ve m\u011bstech, kde riziko drobn\u00e9ho po\u0161kozen\u00ed v\u00fdrazn\u011b stoup\u00e1. Pr\u00e1v\u011b proto je ochrana karoserie nezbytn\u00e1.<\/p>\r\n                <p class=\"mb-4\"><span class=\"fw-bold title-orange\">BRAWIX Color PPF<\/span> v\u00e1m umo\u017en\u00ed nejen chr\u00e1nit karoserii, ale tak\u00e9 dodat va\u0161emu vozu jedine\u010dn\u00fd styl. Tato f\u00f3lie nab\u00edz\u00ed jedine\u010dnou kombinaci v\u00fdhod: \u0161irokou paletu barev, \u0161pi\u010dkovou ochranu laku a skv\u011blou cenovou dostupnost.<\/p>\r\n                <p class=\"mb-4\">Barevn\u00fd polyuretan od BRAWIX je bezkompromisn\u00edm \u0159e\u0161en\u00edm pro styl i ochranu vozidla. U\u017e \u017e\u00e1dn\u00e9 rozhodov\u00e1n\u00ed mezi atraktivn\u00edm, ale k\u0159ehk\u00fdm vinylem a odoln\u00fdm polyuretanem. <span class=\"fw-bold title-orange\">BRAWIX Color PPF<\/span> spojuje v\u00fdhody obou v jednom produktu!<\/p>\r\n                <p class=\"mb-0\">Nejobl\u00edben\u011bj\u0161\u00ed a nej\u017e\u00e1dan\u011bj\u0161\u00ed barvy \u2013 Nardo Grey, Tiffany Blue, Ferrari Red a dal\u0161\u00edch 174+ \u2013 jsou ide\u00e1ln\u00ed volbou pro v\u00e1\u0161 dal\u0161\u00ed projekt.<\/p>\r\n            <\/div>\r\n            <div class=\"col-md-5 col-xl-4 d-none d-md-block\">\r\n                <img loading=\"lazy\" decoding=\"async\" width=\"629\" height=\"892\" class=\"img-fluid position-absolute end-0 brawix-color-examples\" src=\"\/wp-content\/themes\/brawix\/assets\/images\/src\/color-ppf\/color-ppf.png\" alt=\"Brawix Color PPF Background\" title=\"Brawix Color PPF Background\">\r\n            <\/div>\r\n        <\/div>\r\n    <\/div>\r\n<\/section>\r\n<section class=\"py-5 bg-secondary-light\">\r\n    <div class=\"container-fluid my-4 pb-5\">\r\n                <h2 class=\"title-orange banner text-black-shadow text-uppercase text-center mb-4 mb-md-5\">&#8220;Va\u0161e z\u00e1\u0159iv\u00e9 projekty&#8221;<\/h2>\r\n                <div id=\"ajax-load-more-6\" class=\"ajax-load-more-wrap grey\"  data-alm-id=\"\" data-canonical-url=\"https:\/\/brawix.com\/cz\/color-ppf\/\" data-slug=\"color-ppf\" data-post-id=\"186\"  data-localized=\"ajax_load_more_6_vars\" data-alm-object=\"ajax_load_more_6\"><div aria-live=\"polite\" aria-atomic=\"true\" class=\"alm-listing alm-ajax row\" data-container-type=\"div\" data-loading-style=\"grey\" data-repeater=\"card-template\" data-post-type=\"post\" data-post-status=\"publish\" data-order=\"ASC\" data-orderby=\"title\" data-offset=\"0\" data-posts-per-page=\"12\" data-lang=\"cz\" data-scroll=\"false\" data-button-label=\"Zobrazit v\u00edce\" data-prev-button-label=\"Load Previous\" data-images-loaded=\"true\"><\/div><div class=\"alm-btn-wrap\" data-rel=\"ajax-load-more-6\"><button class=\"alm-load-more-btn more \" type=\"button\">Zobrazit v\u00edce<\/button><\/div><\/div> \r\n            <div class=\"col-12\">\r\n                <h2 class=\"h4 text-uppercase text-black mb-4\">Kl\u00ed\u010dov\u00e9 v\u00fdhody BRAWIX Color PPF<\/h2>\r\n                <p class=\"mb-4\">BRAWIX Color PPF nab\u00edz\u00ed \u0159adu v\u00fdhod, kter\u00e9 z n\u011bj \u010din\u00ed skv\u011blou volbu pro ochranu a \u00fapravu vzhledu va\u0161eho vozu. Mezi hlavn\u00ed pat\u0159\u00ed:<\/p>\r\n                <p class=\"mb-4\"><b>1. Ochrana proti po\u0161kr\u00e1b\u00e1n\u00ed a po\u0161kozen\u00ed.<\/b> Barevn\u00e1 polyuretanov\u00e1 f\u00f3lie chr\u00e1n\u00ed karoserii p\u0159ed po\u0161kr\u00e1b\u00e1n\u00edm, od\u0161t\u011bpky kam\u00ednk\u016f a drobn\u00fdmi n\u00e1razy. D\u00edky elastick\u00e9 struktu\u0159e absorbuje a rozptyluje energii, \u010d\u00edm\u017e sni\u017euje riziko po\u0161kozen\u00ed laku a kovu \u2014 zejm\u00e9na v m\u011bstsk\u00e9m provozu s \u010dast\u00fdm mechanick\u00fdm nam\u00e1h\u00e1n\u00edm.<\/p>\r\n                <p class=\"mb-4\"><b>2. Odolnost v\u016f\u010di UV z\u00e1\u0159en\u00ed.<\/b> Jednou z kl\u00ed\u010dov\u00fdch v\u00fdhod je vysok\u00e1 odolnost v\u016f\u010di UV z\u00e1\u0159en\u00ed. F\u00f3lie zabra\u0148uje blednut\u00ed barvy vlivem slune\u010dn\u00edho z\u00e1\u0159en\u00ed a zachov\u00e1v\u00e1 p\u016fvodn\u00ed odst\u00edn a lesk po mnoho let.<\/p>\r\n                <p class=\"mb-4\"><b>3. Individu\u00e1ln\u00ed styl.<\/b> BRAWIX Color PPF v\u00e1m umo\u017en\u00ed radik\u00e1ln\u011b zm\u011bnit vzhled vozu bez nutnosti lakov\u00e1n\u00ed. Vyzkou\u0161ejte odv\u00e1\u017en\u00e9 barvy a ud\u011blejte sv\u016fj v\u016fz skute\u010dn\u011b jedine\u010dn\u00fdm. \u0160irok\u00fd v\u00fdb\u011br barev je velkou v\u00fdhodou oproti \u010dir\u00fdm f\u00f3li\u00edm.<\/p>\r\n                <p class=\"mb-4\"><b>4. Odolnost a \u017eivotnost.<\/b> Tato f\u00f3lie vynik\u00e1 dlouhou \u017eivotnost\u00ed a odolnost\u00ed v\u016f\u010di soli, chemik\u00e1li\u00edm a dal\u0161\u00edm vliv\u016fm prost\u0159ed\u00ed \u2014 ide\u00e1ln\u00ed pro celoro\u010dn\u00ed ochranu.<\/p>\r\n                <p class=\"mb-0\"><b>5. N\u00edzk\u00e9 n\u00e1roky na \u00fadr\u017ebu.<\/b> Snadno se \u010dist\u00ed a nevy\u017eaduje \u017e\u00e1dnou speci\u00e1ln\u00ed p\u00e9\u010di. F\u00f3lie \u0161et\u0159\u00ed \u010das a udr\u017euje v\u00e1\u0161 v\u016fz leskl\u00fd a bez ne\u010distot.<\/p>\r\n            <\/div>\r\n        <\/div>\r\n    <\/div>\r\n<\/section>\r\n<section class=\"py-5 bg-primary2F position-relative\">\r\n    <img decoding=\"async\" class=\"brawix-tape brawix-tape-single img-fluid w-100 position-absolute start-0\" src=\"\/wp-content\/themes\/brawix\/assets\/images\/src\/brawix-tape-single.svg\" alt=\"Brawix tape\" title=\"Brawix tape\">\r\n    <div class=\"container-fluid py-4\">\r\n        <div class=\"row\">\r\n            <div class=\"col-md-6 d-block d-md-none\">\r\n                <img loading=\"lazy\" decoding=\"async\" width=\"718\" height=\"284\" class=\"img-fluid brawix-color-car\" src=\"\/wp-content\/themes\/brawix\/assets\/images\/src\/color-ppf\/brawix-color-car.png\" alt=\"Brawix Color Car Mobile\" title=\"Brawix Color Car Mobile\">   \r\n            <\/div>\r\n            <div class=\"col-md-6\">\r\n                <h2 class=\"text-uppercase banner title-orange mb-2\">Chcete cel\u00fd katalog?<\/h2>\r\n                <p class=\"mb-4 text-uppercase text-white small-text\">Kontaktujte n\u00e1s jak\u00fdmkoli zp\u016fsobem, kter\u00fd v\u00e1m vyhovuje<\/p>\r\n                <a href=\"tel:+380675157583\" class=\"btn btn-primary d-inline-flex px-3 gap-3 align-items-center d-none\">\r\n                    <svg class=\"overflow-visible\" xmlns=\"http:\/\/www.w3.org\/2000\/svg\" height=\"20px\"\r\n                    viewBox=\"0 -960 960 960\" width=\"20px\" fill=\"#fff\">\r\n                    <path\r\n                        d=\"M798-120q-125 0-247-54.5T329-329Q229-429 174.5-551T120-798q0-18 12-30t30-12h162q14 0 25 9.5t13 22.5l26 140q2 16-1 27t-11 19l-97 98q20 37 47.5 71.5T387-386q31 31 65 57.5t72 48.5l94-94q9-9 23.5-13.5T670-390l138 28q14 4 23 14.5t9 23.5v162q0 18-12 30t-30 12ZM241-600l66-66-17-94h-89q5 41 14 81t26 79Zm358 358q39 17 79.5 27t81.5 13v-88l-94-19-67 67ZM241-600Zm358 358Z\" \/>\r\n                    <\/svg>\r\n                    Zavolejte n\u00e1m\r\n                <\/a>\r\n            <\/div>\r\n            <div class=\"col-md-6 d-none d-md-block\">\r\n                <img loading=\"lazy\" decoding=\"async\" width=\"718\" height=\"284\" class=\"brawix-color-car img-fluid position-absolute\" src=\"\/wp-content\/themes\/brawix\/assets\/images\/src\/color-ppf\/brawix-color-car.png\" alt=\"Brawix Color Car\" title=\"Brawix Color Car\">   \r\n            <\/div>\r\n        <\/div>\r\n    <\/div>\r\n<\/section>\r\n<section class=\"bg-secondary-light pt-4 py-lg-5 overflow-y-hidden position-relative\">\r\n    <div class=\"container mt-4 pt-4 my-lg-4 py-lg-5\">\r\n        <div class=\"row\">\r\n            <div class=\"col-lg-9\">\r\n                <h2 class=\"h1 banner text-black text-uppercase mb-3 mb-lg-2 text-center text-lg-start\">Sledujte n\u00e1s na Instagramu<\/h2>\r\n                <p class=\"mb-0 fw-medium text-center text-lg-start\">Bu\u010fte v obraze o nejnov\u011bj\u0161\u00edch produktech a ud\u00e1lostech!<\/p>\r\n                <div class=\"mt-4 d-flex flex-column flex-lg-row gap-3 align-items-center\">\r\n                    <a href=\"https:\/\/www.instagram.com\/brawix_color\/\" class=\"btn btn-primary d-block \">\r\n                        Sledovat\r\n                    <\/a>\r\n                    \r\n                <\/div>\r\n            <\/div>\r\n            <div class=\"col-lg-3 d-none d-lg-block\">\r\n                <img loading=\"lazy\" decoding=\"async\" width=\"417\" height=\"381\" class=\"img-fluid position-absolute end-0 bottom-0\" src=\"\/wp-content\/themes\/brawix\/assets\/images\/src\/color-ppf\/brawix-instagram-phone.png\" alt=\"Brawix Instagram Desktop\" title=\"Brawix Instagram Desktop\">\r\n            <\/div>\r\n        <\/div>\r\n    <\/div>\r\n    <img loading=\"lazy\" decoding=\"async\" width=\"417\" height=\"381\" class=\"mt-4 img-fluid d-block d-lg-none ms-auto\" src=\"\/wp-content\/themes\/brawix\/assets\/images\/src\/color-ppf\/brawix-instagram-phone.png\" alt=\"Brawix Instagram Mobile\" title=\"Brawix Instagram Mobile\">\r\n<\/section>","protected":false},"excerpt":{"rendered":"BAREVN\u00c1v\u00edce ne\u017e 150 mo\u017enost\u00edOCHRANN\u00c1 F\u00d3LIE NA LAKBRAWIX COLOR PPF \u2022Pln\u011b polyuretanov\u00e1 \u2013 190 mikron\u016f \u2022Povrch se samoregenera\u010dn\u00ed schopnost\u00ed \u2022Syt\u00e1, hlubok\u00e1 barva \u2022Hydrofobn\u00ed efekt \u2022Snadn\u00e1 instalace \u2022Form\u00e1t role: 1,52 \u00d7 17 m Barevn\u00e1 polyuretanov\u00e1 ochrana \u0160kr\u00e1bance, odletuj\u00edc\u00ed kam\u00ednky a ne\u010distoty jsou p\u0159i b\u011b\u017en\u00e9m provozu vozu nevyhnuteln\u00e9 \u2013 zejm\u00e9na ve m\u011bstech, kde riziko drobn\u00e9ho po\u0161kozen\u00ed v\u00fdrazn\u011b stoup\u00e1. [&hellip;]","protected":false},"author":1,"featured_media":325,"parent":0,"menu_order":0,"comment_status":"closed","ping_status":"closed","template":"page.php","meta":{"_acf_changed":false,"footnotes":""},"class_list":["post-186","page","type-page","status-publish","has-post-thumbnail","hentry"],"acf":[],"yoast_head":"<!-- This site is optimized with the Yoast SEO plugin v25.5 - https:\/\/yoast.com\/wordpress\/plugins\/seo\/ -->\n<title>BRAWIX \u2013 Barevn\u00e1 ochrann\u00e1 f\u00f3lie na lak | Ochrana a styl<\/title>\n<meta name=\"description\" content=\"Barevn\u00e9 ochrann\u00e9 f\u00f3lie BRAWIX na lak \u2b50 Ochrana karoserie a stylov\u00fd vzhled \u2705 Obl\u00edben\u00e9 odst\u00edny: Nardo Grey, Tiffany Blue, Ferrari Red a dal\u0161\u00ed \u27a5 Vyberte si ten sv\u016fj!\" \/>\n<meta name=\"robots\" content=\"index, follow, max-snippet:-1, max-image-preview:large, max-video-preview:-1\" \/>\n<link rel=\"canonical\" href=\"https:\/\/brawix.com\/cz\/color-ppf\/\" \/>\n<meta property=\"og:locale\" content=\"cs_CZ\" \/>\n<meta property=\"og:type\" content=\"article\" \/>\n<meta property=\"og:title\" content=\"BRAWIX \u2013 Barevn\u00e1 ochrann\u00e1 f\u00f3lie na lak | Ochrana a styl\" \/>\n<meta property=\"og:description\" content=\"Barevn\u00e9 ochrann\u00e9 f\u00f3lie BRAWIX na lak \u2b50 Ochrana karoserie a stylov\u00fd vzhled \u2705 Obl\u00edben\u00e9 odst\u00edny: Nardo Grey, Tiffany Blue, Ferrari Red a dal\u0161\u00ed \u27a5 Vyberte si ten sv\u016fj!\" \/>\n<meta property=\"og:url\" content=\"https:\/\/brawix.com\/cz\/color-ppf\/\" \/>\n<meta property=\"og:site_name\" content=\"Brawix\" \/>\n<meta property=\"article:publisher\" content=\"https:\/\/www.facebook.com\/p\/Brawix-Films-100064348231323\/\" \/>\n<meta property=\"article:modified_time\" content=\"2026-02-13T13:58:42+00:00\" \/>\n<meta property=\"og:image\" content=\"https:\/\/brawix.com\/wp-content\/uploads\/2025\/05\/color-ppf.png\" \/>\n\t<meta property=\"og:image:width\" content=\"718\" \/>\n\t<meta property=\"og:image:height\" content=\"284\" \/>\n\t<meta property=\"og:image:type\" content=\"image\/png\" \/>\n<meta name=\"twitter:card\" content=\"summary_large_image\" \/>\n<meta name=\"twitter:label1\" content=\"Est. reading time\" \/>\n\t<meta name=\"twitter:data1\" content=\"4 minutes\" \/>\n<script type=\"application\/ld+json\" class=\"yoast-schema-graph\">{\"@context\":\"https:\/\/schema.org\",\"@graph\":[{\"@type\":\"WebPage\",\"@id\":\"https:\/\/brawix.com\/cz\/color-ppf\/\",\"url\":\"https:\/\/brawix.com\/cz\/color-ppf\/\",\"name\":\"BRAWIX \u2013 Barevn\u00e1 ochrann\u00e1 f\u00f3lie na lak | Ochrana a styl\",\"isPartOf\":{\"@id\":\"https:\/\/brawix.com\/cz\/#website\"},\"primaryImageOfPage\":{\"@id\":\"https:\/\/brawix.com\/cz\/color-ppf\/#primaryimage\"},\"image\":{\"@id\":\"https:\/\/brawix.com\/color-ppf\/#primaryimage\"},\"thumbnailUrl\":\"https:\/\/brawix.com\/wp-content\/uploads\/2025\/05\/color-ppf.png\",\"datePublished\":\"2025-04-24T09:43:31+00:00\",\"dateModified\":\"2026-02-13T13:58:42+00:00\",\"description\":\"Barevn\u00e9 ochrann\u00e9 f\u00f3lie BRAWIX na lak \u2b50 Ochrana karoserie a stylov\u00fd vzhled \u2705 Obl\u00edben\u00e9 odst\u00edny: Nardo Grey, Tiffany Blue, Ferrari Red a dal\u0161\u00ed \u27a5 Vyberte si ten sv\u016fj!\",\"breadcrumb\":{\"@id\":\"https:\/\/brawix.com\/cz\/color-ppf\/#breadcrumb\"},\"inLanguage\":\"cs-CZ\",\"potentialAction\":[{\"@type\":\"ReadAction\",\"target\":[[\"https:\/\/brawix.com\/cz\/color-ppf\/\"]]}]},{\"@type\":\"ImageObject\",\"inLanguage\":\"cs-CZ\",\"@id\":\"https:\/\/brawix.com\/cz\/color-ppf\/#primaryimage\",\"url\":\"https:\/\/brawix.com\/wp-content\/uploads\/2025\/05\/color-ppf.png\",\"contentUrl\":\"https:\/\/brawix.com\/wp-content\/uploads\/2025\/05\/color-ppf.png\",\"width\":718,\"height\":284,\"caption\":\"color-ppf\"},{\"@type\":\"BreadcrumbList\",\"@id\":\"https:\/\/brawix.com\/cz\/color-ppf\/#breadcrumb\",\"itemListElement\":[{\"@type\":\"ListItem\",\"position\":1,\"name\":\"\u0413\u043e\u043b\u043e\u0432\u043d\u0430\",\"item\":\"https:\/\/brawix.com\/cz\/\"},{\"@type\":\"ListItem\",\"position\":2,\"name\":\"BRAWIX \u2013 Coloured paint protection film | Protection and style\"}]},{\"@type\":\"WebSite\",\"@id\":\"https:\/\/brawix.com\/cz\/#website\",\"url\":\"https:\/\/brawix.com\/cz\/\",\"name\":\"Brawix\",\"description\":\"\",\"publisher\":{\"@id\":\"https:\/\/brawix.com\/cz\/#organization\"},\"potentialAction\":[{\"@type\":\"SearchAction\",\"target\":{\"@type\":\"EntryPoint\",\"urlTemplate\":\"https:\/\/brawix.com\/cz\/?s={search_term_string}\"},\"query-input\":{\"@type\":\"PropertyValueSpecification\",\"valueRequired\":true,\"valueName\":\"search_term_string\"}}],\"inLanguage\":\"cs-CZ\"},{\"@type\":\"Organization\",\"@id\":\"https:\/\/brawix.com\/cz\/#organization\",\"name\":\"Brawix\",\"url\":\"https:\/\/brawix.com\/cz\/\",\"logo\":{\"@type\":\"ImageObject\",\"inLanguage\":\"cs-CZ\",\"@id\":\"https:\/\/brawix.com\/cz\/#\/schema\/logo\/image\/\",\"url\":\"https:\/\/brawix.com\/wp-content\/uploads\/2025\/04\/brawix-logo-1.jpg\",\"contentUrl\":\"https:\/\/brawix.com\/wp-content\/uploads\/2025\/04\/brawix-logo-1.jpg\",\"width\":900,\"height\":900,\"caption\":\"Brawix\"},\"image\":{\"@id\":\"https:\/\/brawix.com\/cz\/#\/schema\/logo\/image\/\"},\"sameAs\":[\"https:\/\/www.facebook.com\/p\/Brawix-Films-100064348231323\/\"]}]}<\/script>\n<!-- \/ Yoast SEO plugin. -->","yoast_head_json":{"title":"BRAWIX \u2013 Barevn\u00e1 ochrann\u00e1 f\u00f3lie na lak | Ochrana a styl","description":"Barevn\u00e9 ochrann\u00e9 f\u00f3lie BRAWIX na lak \u2b50 Ochrana karoserie a stylov\u00fd vzhled \u2705 Obl\u00edben\u00e9 odst\u00edny: Nardo Grey, Tiffany Blue, Ferrari Red a dal\u0161\u00ed \u27a5 Vyberte si ten sv\u016fj!","robots":{"index":"index","follow":"follow","max-snippet":"max-snippet:-1","max-image-preview":"max-image-preview:large","max-video-preview":"max-video-preview:-1"},"canonical":"https:\/\/brawix.com\/cz\/color-ppf\/","og_locale":"cs_CZ","og_type":"article","og_title":"BRAWIX \u2013 Barevn\u00e1 ochrann\u00e1 f\u00f3lie na lak | Ochrana a styl","og_description":"Barevn\u00e9 ochrann\u00e9 f\u00f3lie BRAWIX na lak \u2b50 Ochrana karoserie a stylov\u00fd vzhled \u2705 Obl\u00edben\u00e9 odst\u00edny: Nardo Grey, Tiffany Blue, Ferrari Red a dal\u0161\u00ed \u27a5 Vyberte si ten sv\u016fj!","og_url":"https:\/\/brawix.com\/cz\/color-ppf\/","og_site_name":"Brawix","article_publisher":"https:\/\/www.facebook.com\/p\/Brawix-Films-100064348231323\/","article_modified_time":"2026-02-13T13:58:42+00:00","og_image":[{"width":718,"height":284,"url":"https:\/\/brawix.com\/wp-content\/uploads\/2025\/05\/color-ppf.png","type":"image\/png"}],"twitter_card":"summary_large_image","twitter_misc":{"Est. reading time":"4 minutes"},"schema":{"@context":"https:\/\/schema.org","@graph":[{"@type":"WebPage","@id":"https:\/\/brawix.com\/cz\/color-ppf\/","url":"https:\/\/brawix.com\/cz\/color-ppf\/","name":"BRAWIX \u2013 Barevn\u00e1 ochrann\u00e1 f\u00f3lie na lak | Ochrana a styl","isPartOf":{"@id":"https:\/\/brawix.com\/cz\/#website"},"primaryImageOfPage":{"@id":"https:\/\/brawix.com\/cz\/color-ppf\/#primaryimage"},"image":{"@id":"https:\/\/brawix.com\/color-ppf\/#primaryimage"},"thumbnailUrl":"https:\/\/brawix.com\/wp-content\/uploads\/2025\/05\/color-ppf.png","datePublished":"2025-04-24T09:43:31+00:00","dateModified":"2026-02-13T13:58:42+00:00","description":"Barevn\u00e9 ochrann\u00e9 f\u00f3lie BRAWIX na lak \u2b50 Ochrana karoserie a stylov\u00fd vzhled \u2705 Obl\u00edben\u00e9 odst\u00edny: Nardo Grey, Tiffany Blue, Ferrari Red a dal\u0161\u00ed \u27a5 Vyberte si ten sv\u016fj!","breadcrumb":{"@id":"https:\/\/brawix.com\/cz\/color-ppf\/#breadcrumb"},"inLanguage":"cs-CZ","potentialAction":[{"@type":"ReadAction","target":[["https:\/\/brawix.com\/cz\/color-ppf\/"]]}]},{"@type":"ImageObject","inLanguage":"cs-CZ","@id":"https:\/\/brawix.com\/cz\/color-ppf\/#primaryimage","url":"https:\/\/brawix.com\/wp-content\/uploads\/2025\/05\/color-ppf.png","contentUrl":"https:\/\/brawix.com\/wp-content\/uploads\/2025\/05\/color-ppf.png","width":718,"height":284,"caption":"color-ppf"},{"@type":"BreadcrumbList","@id":"https:\/\/brawix.com\/cz\/color-ppf\/#breadcrumb","itemListElement":[{"@type":"ListItem","position":1,"name":"\u0413\u043e\u043b\u043e\u0432\u043d\u0430","item":"https:\/\/brawix.com\/cz\/"},{"@type":"ListItem","position":2,"name":"BRAWIX \u2013 Coloured paint protection film | Protection and style"}]},{"@type":"WebSite","@id":"https:\/\/brawix.com\/cz\/#website","url":"https:\/\/brawix.com\/cz\/","name":"Brawix","description":"","publisher":{"@id":"https:\/\/brawix.com\/cz\/#organization"},"potentialAction":[{"@type":"SearchAction","target":{"@type":"EntryPoint","urlTemplate":"https:\/\/brawix.com\/cz\/?s={search_term_string}"},"query-input":{"@type":"PropertyValueSpecification","valueRequired":true,"valueName":"search_term_string"}}],"inLanguage":"cs-CZ"},{"@type":"Organization","@id":"https:\/\/brawix.com\/cz\/#organization","name":"Brawix","url":"https:\/\/brawix.com\/cz\/","logo":{"@type":"ImageObject","inLanguage":"cs-CZ","@id":"https:\/\/brawix.com\/cz\/#\/schema\/logo\/image\/","url":"https:\/\/brawix.com\/wp-content\/uploads\/2025\/04\/brawix-logo-1.jpg","contentUrl":"https:\/\/brawix.com\/wp-content\/uploads\/2025\/04\/brawix-logo-1.jpg","width":900,"height":900,"caption":"Brawix"},"image":{"@id":"https:\/\/brawix.com\/cz\/#\/schema\/logo\/image\/"},"sameAs":["https:\/\/www.facebook.com\/p\/Brawix-Films-100064348231323\/"]}]}},"_links":{"self":[{"href":"https:\/\/brawix.com\/cz\/wp-json\/wp\/v2\/pages\/186","targetHints":{"allow":["GET"]}}],"collection":[{"href":"https:\/\/brawix.com\/cz\/wp-json\/wp\/v2\/pages"}],"about":[{"href":"https:\/\/brawix.com\/cz\/wp-json\/wp\/v2\/types\/page"}],"author":[{"embeddable":true,"href":"https:\/\/brawix.com\/cz\/wp-json\/wp\/v2\/users\/1"}],"replies":[{"embeddable":true,"href":"https:\/\/brawix.com\/cz\/wp-json\/wp\/v2\/comments?post=186"}],"version-history":[{"count":17,"href":"https:\/\/brawix.com\/cz\/wp-json\/wp\/v2\/pages\/186\/revisions"}],"predecessor-version":[{"id":2182,"href":"https:\/\/brawix.com\/cz\/wp-json\/wp\/v2\/pages\/186\/revisions\/2182"}],"wp:featuredmedia":[{"embeddable":true,"href":"https:\/\/brawix.com\/cz\/wp-json\/wp\/v2\/media\/325"}],"wp:attachment":[{"href":"https:\/\/brawix.com\/cz\/wp-json\/wp\/v2\/media?parent=186"}],"curies":[{"name":"wp","href":"https:\/\/api.w.org\/{rel}","templated":true}]}}