{"id":186,"date":"2025-04-24T12:43:31","date_gmt":"2025-04-24T09:43:31","guid":{"rendered":"http:\/\/wp-brawix.test\/?page_id=186"},"modified":"2026-02-13T15:58:42","modified_gmt":"2026-02-13T13:58:42","slug":"color-ppf","status":"publish","type":"page","link":"https:\/\/brawix.com\/de\/color-ppf\/","title":{"rendered":"BRAWIX \u2013 Farbige Lackschutzfolie | Schutz und Stil"},"content":{"rendered":"<div class=\"bg-secondary-light\">\r\n    <div class=\"first-screen-banner w-100\">\r\n        <div class=\"banner-block d-flex flex-column justify-content-end\">\r\n            <div class=\"banner-item position-relative\">\r\n                <div class=\"position-absolute w-100 end-0 translate-middle-y\" style=\"top: 35%;\">\r\n                    <div class=\"container-fluid\">\r\n                        <div class=\"row justify-content-end align-items-center\">\r\n                            <div class=\"col-xl-7 col-xxl-8\">\r\n                                <div class=\"banner-caption position-relative text-start text-md-end py-0 bottom-0 start-0 end-0\">\r\n                                    <h1 class=\"text-white banner mb-3\"><span class=\"d-flex align-items-end justify-content-start justify-content-md-end gap-3 gap-sm-4\"><span>FARBIGE<\/span><span class=\"border border-white rounded-3 d-flex p-2 fw-medium text-white fs-5 mb-1 more-variants\">\u00fcber 150 Farbvarianten<\/span><\/span>LACKSCHUTZFOLIE<br><span class=\"title-orange\">BRAWIX COLOR PPF<\/span><\/h1>\r\n                                <\/div>\r\n                            <\/div>\r\n                        <\/div>\r\n                    <\/div>\r\n                <\/div>\r\n                <div class=\"position-absolute w-100 left-0 banner-list-block\">\r\n                    <div class=\"container-fluid\">\r\n                        <div class=\"row justify-content-start align-items-end\">\r\n                            <div class=\"col-xl-6 col-xxl-5\">\r\n                                <ul class=\"banner-list list-unstyled px-sm-5 px-md-0\">\r\n                                    <li class=\"mb-3 px-4 px-md-3 py-2 rounded fw-medium\">\r\n                                        <span class=\"text-white d-flex gap-3 align-items-center\"><span>\u2022<\/span>Reines Polyurethan 190 Mikrometer<\/span>\r\n                                    <\/li>\r\n                                    <li class=\"mb-3 px-4 px-md-3 py-2 rounded fw-medium\">\r\n                                        <span class=\"text-white d-flex gap-3 align-items-center\"><span>\u2022<\/span>Selbstheilende Oberfl\u00e4che<\/span>\r\n                                    <\/li>\r\n                                    <li class=\"mb-3 px-4 px-md-3 py-2 rounded fw-medium\">\r\n                                        <span class=\"text-white d-flex gap-3 align-items-center\"><span>\u2022<\/span>Tiefe, satte Farbt\u00f6ne<\/span>\r\n                                    <\/li>\r\n                                    <li class=\"mb-3 px-4 px-md-3 py-2 rounded fw-medium\">\r\n                                        <span class=\"text-white d-flex gap-3 align-items-center\"><span>\u2022<\/span>Hydrophober Effekt<\/span>\r\n                                    <\/li>\r\n                                    <li class=\"mb-3 px-4 px-md-3 py-2 rounded fw-medium\">\r\n                                        <span class=\"text-white d-flex gap-3 align-items-center\"><span>\u2022<\/span>Einfach zu verarbeiten<\/span>                                       \r\n                                    <\/li>\r\n                                    <li class=\"mb-3 px-4 px-md-3 py-2 rounded fw-medium\">\r\n                                        <span class=\"text-white d-flex gap-3 align-items-center\"><span>\u2022<\/span>Rollenma\u00df: 1,52 x 17 m<\/span>                                       \r\n                                    <\/li>\r\n                                <\/ul>\r\n                            <\/div>\r\n                        <\/div>\r\n                    <\/div>\r\n                <\/div>\r\n            <\/div>        \r\n        <\/div>\r\n    <\/div>\r\n<\/div>\r\n<section class=\"py-5 overflow-y-hidden position-relative\" style=\"background: linear-gradient(90deg, #212121 0%, #303030 100%);\">\r\n    <div class=\"container-fluid my-4\">\r\n        <div class=\"row\">\r\n            <div class=\"col-md-7 col-xl-8\">\r\n                <h2 class=\"h1 banner text-uppercase mb-4\">Farbiger Polyurethan-Schutz<\/h2>\r\n                <p class=\"mb-4\">Kratzer, Steinschl\u00e4ge und Verschmutzungen geh\u00f6ren zum Alltag jedes Fahrzeugs \u2014 vor allem im Stadtverkehr, wo das Risiko kleiner Lacksch\u00e4den besonders hoch ist.<\/p>\r\n                <p class=\"mb-4\"><span class=\"fw-bold title-orange\">BRAWIX Color PPF<\/span> sch\u00fctzt nicht nur den Lack, sondern verleiht dem Fahrzeug gleichzeitig einen einzigartigen Look. Die Folie bietet eine seltene Kombination: gro\u00dfe Farbauswahl, h\u00f6chste Schutzwirkung und ein attraktiver Preis.<\/p>\r\n                <p class=\"mb-4\">Farbige Polyurethanfolie von BRAWIX ist die kompromisslose Wahl f\u00fcr Stil und Schutz. Du musst dich nicht mehr zwischen auff\u00e4lligem, aber kurzlebigem Vinyl und langlebigem Polyurethan entscheiden \u2014 BRAWIX Color PPF vereint beides in einem Produkt!<\/p>\r\n                <p class=\"mb-0\">Die beliebtesten Farben: Nardo Grey, Tiffany Blue, Ferrari Red und mehr als 174 weitere Optionen \u2013 perfekt f\u00fcr jedes Projekt.<\/p>\r\n            <\/div>\r\n            <div class=\"col-md-5 col-xl-4 d-none d-md-block\">\r\n                <img loading=\"lazy\" decoding=\"async\" width=\"629\" height=\"892\" class=\"img-fluid position-absolute end-0 brawix-color-examples\" src=\"\/wp-content\/themes\/brawix\/assets\/images\/src\/color-ppf\/color-ppf.png\" alt=\"Brawix Color PPF Background\" title=\"Brawix Color PPF Background\">\r\n            <\/div>\r\n        <\/div>\r\n    <\/div>\r\n<\/section>\r\n<section class=\"py-5 bg-secondary-light\">\r\n    <div class=\"container-fluid my-4 pb-5\">\r\n<h2 class=\"title-orange banner text-black-shadow text-uppercase text-center mb-4 mb-md-5\">Deine leuchtenden Arbeiten<\/h2>\r\n        <div id=\"ajax-load-more-3\" class=\"ajax-load-more-wrap grey\"  data-alm-id=\"\" data-canonical-url=\"https:\/\/brawix.com\/de\/color-ppf\/\" data-slug=\"color-ppf\" data-post-id=\"186\"  data-localized=\"ajax_load_more_3_vars\" data-alm-object=\"ajax_load_more_3\"><div aria-live=\"polite\" aria-atomic=\"true\" class=\"alm-listing alm-ajax row\" data-container-type=\"div\" data-loading-style=\"grey\" data-repeater=\"card-template\" data-post-type=\"post\" data-post-status=\"publish\" data-order=\"ASC\" data-orderby=\"title\" data-offset=\"0\" data-posts-per-page=\"12\" data-lang=\"de\" data-scroll=\"false\" data-button-label=\"Mehr anzeigen\" data-prev-button-label=\"Load Previous\" data-images-loaded=\"true\"><\/div><div class=\"alm-btn-wrap\" data-rel=\"ajax-load-more-3\"><button class=\"alm-load-more-btn more \" type=\"button\">Mehr anzeigen<\/button><\/div><\/div> \r\n            <div class=\"col-12\">\r\n                <h2 class=\"h4 text-uppercase text-black mb-4\">Vorteile der BRAWIX Color PPF<\/h2>\r\n                <p class=\"mb-4\">BRAWIX Color PPF hat eine Reihe von Vorteilen, die es zu einer hervorragenden Wahl f\u00fcr den Schutz und das Styling Ihres Fahrzeugs machen. Die wichtigsten davon sind:<\/p>\r\n                <p class=\"mb-4\"><b>1. Schutz vor Kratzern und Besch\u00e4digungen.<\/b> Die farbige Polyurethanfolie sch\u00fctzt die Karosserie zuverl\u00e4ssig vor Kratzern, Steinschl\u00e4gen und kleineren Sch\u00e4den. Ihre elastische Struktur absorbiert und verteilt Schl\u00e4ge, wodurch Lack und Metall effektiv gesch\u00fctzt werden \u2013 ideal f\u00fcr den Stadtverkehr.<\/p>\r\n                <p class=\"mb-4\"><b>2. UV-Best\u00e4ndigkeit.<\/b> Die Folie ist stark UV-resistent und sch\u00fctzt den Lack langfristig vor dem Ausbleichen durch Sonneneinstrahlung. So bleibt der Farbton und Glanz des Fahrzeugs viele Jahre erhalten.<\/p>\r\n                <p class=\"mb-4\"><b>3. Farbwechsel ohne Lackierung.<\/b> Mit BRAWIX Color PPF kann das Fahrzeugdesign vollst\u00e4ndig ver\u00e4ndert werden \u2013 ganz ohne Neulackierung. Farb- und Stilwechsel leicht gemacht \u2013 f\u00fcr maximale Individualit\u00e4t und Wiedererkennung. Der gro\u00dfe Farbumfang ist ein klarer Vorteil gegen\u00fcber transparenten Folien.<\/p>\r\n                <p class=\"mb-4\"><b>4. Langlebigkeit &#038; Widerstandsf\u00e4higkeit.<\/b> Die Folie ist \u00e4u\u00dferst abriebfest und widersteht Chemikalien, Streusalz und Umwelteinfl\u00fcssen \u2013 ideal f\u00fcr dauerhaften Karosserieschutz.<\/p>\r\n                <p class=\"mb-0\"><b>5. Pflegeleicht.<\/b> Die Folie l\u00e4sst sich einfach reinigen und ben\u00f6tigt keine spezielle Pflege. Das spart Zeit und sorgt f\u00fcr einen dauerhaft gepflegten Look.<\/p>\r\n            <\/div>\r\n        <\/div>\r\n    <\/div>\r\n<\/section>\r\n<section class=\"pt-5 py-sm-5 bg-primary2F position-relative\">\r\n    <img decoding=\"async\" class=\"brawix-tape brawix-tape-single img-fluid w-100 position-absolute start-0\" src=\"\/wp-content\/themes\/brawix\/assets\/images\/src\/brawix-tape-single.svg\" alt=\"Brawix tape\" title=\"Brawix tape\">\r\n    <div class=\"container-fluid py-4\">\r\n        <div class=\"row\">\r\n            <div class=\"col-md-6 d-block d-md-none\">\r\n                <img loading=\"lazy\" decoding=\"async\" width=\"718\" height=\"284\" class=\"img-fluid brawix-color-car\" src=\"\/wp-content\/themes\/brawix\/assets\/images\/src\/color-ppf\/brawix-color-car.png\" alt=\"Brawix Color Car Mobile\" title=\"Brawix Color Car Mobile\">   \r\n            <\/div>\r\n            <div class=\"col-md-6\">\r\n                <h2 class=\"text-uppercase banner title-orange mb-2\">M\u00f6chtest du den KATALOG erhalten?<\/h2>\r\n                <p class=\"mb-4 text-uppercase text-white small-text\">Kontaktiere uns einfach<\/p>\r\n                <!-- <a href=\"tel:+380675157583\" class=\"btn btn-primary d-inline-flex px-3 gap-3 align-items-center\">\r\n                    <svg class=\"overflow-visible\" xmlns=\"http:\/\/www.w3.org\/2000\/svg\" height=\"20px\"\r\n                    viewBox=\"0 -960 960 960\" width=\"20px\" fill=\"#fff\">\r\n                    <path\r\n                        d=\"M798-120q-125 0-247-54.5T329-329Q229-429 174.5-551T120-798q0-18 12-30t30-12h162q14 0 25 9.5t13 22.5l26 140q2 16-1 27t-11 19l-97 98q20 37 47.5 71.5T387-386q31 31 65 57.5t72 48.5l94-94q9-9 23.5-13.5T670-390l138 28q14 4 23 14.5t9 23.5v162q0 18-12 30t-30 12ZM241-600l66-66-17-94h-89q5 41 14 81t26 79Zm358 358q39 17 79.5 27t81.5 13v-88l-94-19-67 67ZM241-600Zm358 358Z\" \/>\r\n                    <\/svg>\r\n                    Anrufen\r\n                <\/a> -->\r\n            <\/div>\r\n            <div class=\"col-md-6 d-none d-md-block\">\r\n                <img loading=\"lazy\" decoding=\"async\" width=\"718\" height=\"284\" class=\"brawix-color-car img-fluid position-absolute\" src=\"\/wp-content\/themes\/brawix\/assets\/images\/src\/color-ppf\/brawix-color-car.png\" alt=\"Brawix Color Car\" title=\"Brawix Color Car\">   \r\n            <\/div>\r\n        <\/div>\r\n    <\/div>\r\n<\/section>\r\n<section class=\"bg-secondary-light pt-4 py-lg-5 overflow-y-hidden position-relative\">\r\n    <div class=\"container mt-4 pt-4 my-lg-4 py-lg-5\">\r\n        <div class=\"row\">\r\n            <div class=\"col-lg-9\">\r\n                <h2 class=\"h1 banner text-black text-uppercase mb-3 mb-lg-2 text-center text-lg-start\">FOLGE UNS AUF INSTAGRAM<\/h2>\r\n                <p class=\"mb-0 fw-medium text-center text-lg-start\">Bleib informiert \u00fcber Neuheiten und Events<\/p>\r\n                <div class=\"mt-4 d-flex flex-column flex-lg-row gap-3 align-items-center\">\r\n                    <a href=\"https:\/\/www.instagram.com\/brawix_color\/\" class=\"btn btn-primary d-block \">\r\n                        Folgen\r\n                    <\/a>\r\n               \r\n                <\/div>\r\n            <\/div>\r\n            <div class=\"col-lg-3 d-none d-lg-block\">\r\n                <img loading=\"lazy\" decoding=\"async\" width=\"417\" height=\"381\" class=\"img-fluid position-absolute end-0 bottom-0\" src=\"\/wp-content\/themes\/brawix\/assets\/images\/src\/color-ppf\/brawix-instagram-phone.png\" alt=\"Brawix Instagram Desktop\" title=\"Brawix Instagram Desktop\">\r\n            <\/div>\r\n        <\/div>\r\n    <\/div>\r\n    <img loading=\"lazy\" decoding=\"async\" width=\"417\" height=\"381\" class=\"mt-4 img-fluid d-block d-lg-none ms-auto\" src=\"\/wp-content\/themes\/brawix\/assets\/images\/src\/color-ppf\/brawix-instagram-phone.png\" alt=\"Brawix Instagram Mobile\" title=\"Brawix Instagram Mobile\">\r\n<\/section>","protected":false},"excerpt":{"rendered":"FARBIGE\u00fcber 150 FarbvariantenLACKSCHUTZFOLIEBRAWIX COLOR PPF \u2022Reines Polyurethan 190 Mikrometer \u2022Selbstheilende Oberfl\u00e4che \u2022Tiefe, satte Farbt\u00f6ne \u2022Hydrophober Effekt \u2022Einfach zu verarbeiten \u2022Rollenma\u00df: 1,52 x 17 m Farbiger Polyurethan-Schutz Kratzer, Steinschl\u00e4ge und Verschmutzungen geh\u00f6ren zum Alltag jedes Fahrzeugs \u2014 vor allem im Stadtverkehr, wo das Risiko kleiner Lacksch\u00e4den besonders hoch ist. BRAWIX Color PPF sch\u00fctzt nicht nur den [&hellip;]","protected":false},"author":1,"featured_media":325,"parent":0,"menu_order":0,"comment_status":"closed","ping_status":"closed","template":"page.php","meta":{"_acf_changed":false,"footnotes":""},"class_list":["post-186","page","type-page","status-publish","has-post-thumbnail","hentry"],"acf":[],"yoast_head":"<!-- This site is optimized with the Yoast SEO plugin v25.5 - https:\/\/yoast.com\/wordpress\/plugins\/seo\/ -->\n<title>BRAWIX \u2013 Farbige Lackschutzfolie | Schutz und Stil<\/title>\n<meta name=\"description\" content=\"Farbige BRAWIX Lackschutzfolien \u2b50 Karosserieschutz und stilvolles Aussehen \u2705 Beliebte Farben: Nardo Grau, Tiffany Blau, Ferrari Rot u.\u202fv.\u202fm. \u27a5 W\u00e4hlen Sie Ihren Farbton!\" \/>\n<meta name=\"robots\" content=\"index, follow, max-snippet:-1, max-image-preview:large, max-video-preview:-1\" \/>\n<link rel=\"canonical\" href=\"https:\/\/brawix.com\/de\/color-ppf\/\" \/>\n<meta property=\"og:locale\" content=\"de_DE\" \/>\n<meta property=\"og:type\" content=\"article\" \/>\n<meta property=\"og:title\" content=\"BRAWIX \u2013 Farbige Lackschutzfolie | Schutz und Stil\" \/>\n<meta property=\"og:description\" content=\"Farbige BRAWIX Lackschutzfolien \u2b50 Karosserieschutz und stilvolles Aussehen \u2705 Beliebte Farben: Nardo Grau, Tiffany Blau, Ferrari Rot u.\u202fv.\u202fm. \u27a5 W\u00e4hlen Sie Ihren Farbton!\" \/>\n<meta property=\"og:url\" content=\"https:\/\/brawix.com\/de\/color-ppf\/\" \/>\n<meta property=\"og:site_name\" content=\"Brawix\" \/>\n<meta property=\"article:publisher\" content=\"https:\/\/www.facebook.com\/p\/Brawix-Films-100064348231323\/\" \/>\n<meta property=\"article:modified_time\" content=\"2026-02-13T13:58:42+00:00\" \/>\n<meta property=\"og:image\" content=\"https:\/\/brawix.com\/wp-content\/uploads\/2025\/05\/color-ppf.png\" \/>\n\t<meta property=\"og:image:width\" content=\"718\" \/>\n\t<meta property=\"og:image:height\" content=\"284\" \/>\n\t<meta property=\"og:image:type\" content=\"image\/png\" \/>\n<meta name=\"twitter:card\" content=\"summary_large_image\" \/>\n<meta name=\"twitter:label1\" content=\"Est. reading time\" \/>\n\t<meta name=\"twitter:data1\" content=\"4\u00a0Minuten\" \/>\n<script type=\"application\/ld+json\" class=\"yoast-schema-graph\">{\"@context\":\"https:\/\/schema.org\",\"@graph\":[{\"@type\":\"WebPage\",\"@id\":\"https:\/\/brawix.com\/de\/color-ppf\/\",\"url\":\"https:\/\/brawix.com\/de\/color-ppf\/\",\"name\":\"BRAWIX \u2013 Farbige Lackschutzfolie | Schutz und Stil\",\"isPartOf\":{\"@id\":\"https:\/\/brawix.com\/de\/#website\"},\"primaryImageOfPage\":{\"@id\":\"https:\/\/brawix.com\/de\/color-ppf\/#primaryimage\"},\"image\":{\"@id\":\"https:\/\/brawix.com\/color-ppf\/#primaryimage\"},\"thumbnailUrl\":\"https:\/\/brawix.com\/wp-content\/uploads\/2025\/05\/color-ppf.png\",\"datePublished\":\"2025-04-24T09:43:31+00:00\",\"dateModified\":\"2026-02-13T13:58:42+00:00\",\"description\":\"Farbige BRAWIX Lackschutzfolien \u2b50 Karosserieschutz und stilvolles Aussehen \u2705 Beliebte Farben: Nardo Grau, Tiffany Blau, Ferrari Rot u.\u202fv.\u202fm. \u27a5 W\u00e4hlen Sie Ihren Farbton!\",\"breadcrumb\":{\"@id\":\"https:\/\/brawix.com\/de\/color-ppf\/#breadcrumb\"},\"inLanguage\":\"de\",\"potentialAction\":[{\"@type\":\"ReadAction\",\"target\":[[\"https:\/\/brawix.com\/de\/color-ppf\/\"]]}]},{\"@type\":\"ImageObject\",\"inLanguage\":\"de\",\"@id\":\"https:\/\/brawix.com\/de\/color-ppf\/#primaryimage\",\"url\":\"https:\/\/brawix.com\/wp-content\/uploads\/2025\/05\/color-ppf.png\",\"contentUrl\":\"https:\/\/brawix.com\/wp-content\/uploads\/2025\/05\/color-ppf.png\",\"width\":718,\"height\":284,\"caption\":\"color-ppf\"},{\"@type\":\"BreadcrumbList\",\"@id\":\"https:\/\/brawix.com\/de\/color-ppf\/#breadcrumb\",\"itemListElement\":[{\"@type\":\"ListItem\",\"position\":1,\"name\":\"\u0413\u043e\u043b\u043e\u0432\u043d\u0430\",\"item\":\"https:\/\/brawix.com\/de\/\"},{\"@type\":\"ListItem\",\"position\":2,\"name\":\"BRAWIX \u2013 Coloured paint protection film | Protection and style\"}]},{\"@type\":\"WebSite\",\"@id\":\"https:\/\/brawix.com\/de\/#website\",\"url\":\"https:\/\/brawix.com\/de\/\",\"name\":\"Brawix\",\"description\":\"\",\"publisher\":{\"@id\":\"https:\/\/brawix.com\/de\/#organization\"},\"potentialAction\":[{\"@type\":\"SearchAction\",\"target\":{\"@type\":\"EntryPoint\",\"urlTemplate\":\"https:\/\/brawix.com\/de\/?s={search_term_string}\"},\"query-input\":{\"@type\":\"PropertyValueSpecification\",\"valueRequired\":true,\"valueName\":\"search_term_string\"}}],\"inLanguage\":\"de\"},{\"@type\":\"Organization\",\"@id\":\"https:\/\/brawix.com\/de\/#organization\",\"name\":\"Brawix\",\"url\":\"https:\/\/brawix.com\/de\/\",\"logo\":{\"@type\":\"ImageObject\",\"inLanguage\":\"de\",\"@id\":\"https:\/\/brawix.com\/de\/#\/schema\/logo\/image\/\",\"url\":\"https:\/\/brawix.com\/wp-content\/uploads\/2025\/04\/brawix-logo-1.jpg\",\"contentUrl\":\"https:\/\/brawix.com\/wp-content\/uploads\/2025\/04\/brawix-logo-1.jpg\",\"width\":900,\"height\":900,\"caption\":\"Brawix\"},\"image\":{\"@id\":\"https:\/\/brawix.com\/de\/#\/schema\/logo\/image\/\"},\"sameAs\":[\"https:\/\/www.facebook.com\/p\/Brawix-Films-100064348231323\/\"]}]}<\/script>\n<!-- \/ Yoast SEO plugin. -->","yoast_head_json":{"title":"BRAWIX \u2013 Farbige Lackschutzfolie | Schutz und Stil","description":"Farbige BRAWIX Lackschutzfolien \u2b50 Karosserieschutz und stilvolles Aussehen \u2705 Beliebte Farben: Nardo Grau, Tiffany Blau, Ferrari Rot u.\u202fv.\u202fm. \u27a5 W\u00e4hlen Sie Ihren Farbton!","robots":{"index":"index","follow":"follow","max-snippet":"max-snippet:-1","max-image-preview":"max-image-preview:large","max-video-preview":"max-video-preview:-1"},"canonical":"https:\/\/brawix.com\/de\/color-ppf\/","og_locale":"de_DE","og_type":"article","og_title":"BRAWIX \u2013 Farbige Lackschutzfolie | Schutz und Stil","og_description":"Farbige BRAWIX Lackschutzfolien \u2b50 Karosserieschutz und stilvolles Aussehen \u2705 Beliebte Farben: Nardo Grau, Tiffany Blau, Ferrari Rot u.\u202fv.\u202fm. \u27a5 W\u00e4hlen Sie Ihren Farbton!","og_url":"https:\/\/brawix.com\/de\/color-ppf\/","og_site_name":"Brawix","article_publisher":"https:\/\/www.facebook.com\/p\/Brawix-Films-100064348231323\/","article_modified_time":"2026-02-13T13:58:42+00:00","og_image":[{"width":718,"height":284,"url":"https:\/\/brawix.com\/wp-content\/uploads\/2025\/05\/color-ppf.png","type":"image\/png"}],"twitter_card":"summary_large_image","twitter_misc":{"Est. reading time":"4\u00a0Minuten"},"schema":{"@context":"https:\/\/schema.org","@graph":[{"@type":"WebPage","@id":"https:\/\/brawix.com\/de\/color-ppf\/","url":"https:\/\/brawix.com\/de\/color-ppf\/","name":"BRAWIX \u2013 Farbige Lackschutzfolie | Schutz und Stil","isPartOf":{"@id":"https:\/\/brawix.com\/de\/#website"},"primaryImageOfPage":{"@id":"https:\/\/brawix.com\/de\/color-ppf\/#primaryimage"},"image":{"@id":"https:\/\/brawix.com\/color-ppf\/#primaryimage"},"thumbnailUrl":"https:\/\/brawix.com\/wp-content\/uploads\/2025\/05\/color-ppf.png","datePublished":"2025-04-24T09:43:31+00:00","dateModified":"2026-02-13T13:58:42+00:00","description":"Farbige BRAWIX Lackschutzfolien \u2b50 Karosserieschutz und stilvolles Aussehen \u2705 Beliebte Farben: Nardo Grau, Tiffany Blau, Ferrari Rot u.\u202fv.\u202fm. \u27a5 W\u00e4hlen Sie Ihren Farbton!","breadcrumb":{"@id":"https:\/\/brawix.com\/de\/color-ppf\/#breadcrumb"},"inLanguage":"de","potentialAction":[{"@type":"ReadAction","target":[["https:\/\/brawix.com\/de\/color-ppf\/"]]}]},{"@type":"ImageObject","inLanguage":"de","@id":"https:\/\/brawix.com\/de\/color-ppf\/#primaryimage","url":"https:\/\/brawix.com\/wp-content\/uploads\/2025\/05\/color-ppf.png","contentUrl":"https:\/\/brawix.com\/wp-content\/uploads\/2025\/05\/color-ppf.png","width":718,"height":284,"caption":"color-ppf"},{"@type":"BreadcrumbList","@id":"https:\/\/brawix.com\/de\/color-ppf\/#breadcrumb","itemListElement":[{"@type":"ListItem","position":1,"name":"\u0413\u043e\u043b\u043e\u0432\u043d\u0430","item":"https:\/\/brawix.com\/de\/"},{"@type":"ListItem","position":2,"name":"BRAWIX \u2013 Coloured paint protection film | Protection and style"}]},{"@type":"WebSite","@id":"https:\/\/brawix.com\/de\/#website","url":"https:\/\/brawix.com\/de\/","name":"Brawix","description":"","publisher":{"@id":"https:\/\/brawix.com\/de\/#organization"},"potentialAction":[{"@type":"SearchAction","target":{"@type":"EntryPoint","urlTemplate":"https:\/\/brawix.com\/de\/?s={search_term_string}"},"query-input":{"@type":"PropertyValueSpecification","valueRequired":true,"valueName":"search_term_string"}}],"inLanguage":"de"},{"@type":"Organization","@id":"https:\/\/brawix.com\/de\/#organization","name":"Brawix","url":"https:\/\/brawix.com\/de\/","logo":{"@type":"ImageObject","inLanguage":"de","@id":"https:\/\/brawix.com\/de\/#\/schema\/logo\/image\/","url":"https:\/\/brawix.com\/wp-content\/uploads\/2025\/04\/brawix-logo-1.jpg","contentUrl":"https:\/\/brawix.com\/wp-content\/uploads\/2025\/04\/brawix-logo-1.jpg","width":900,"height":900,"caption":"Brawix"},"image":{"@id":"https:\/\/brawix.com\/de\/#\/schema\/logo\/image\/"},"sameAs":["https:\/\/www.facebook.com\/p\/Brawix-Films-100064348231323\/"]}]}},"_links":{"self":[{"href":"https:\/\/brawix.com\/de\/wp-json\/wp\/v2\/pages\/186","targetHints":{"allow":["GET"]}}],"collection":[{"href":"https:\/\/brawix.com\/de\/wp-json\/wp\/v2\/pages"}],"about":[{"href":"https:\/\/brawix.com\/de\/wp-json\/wp\/v2\/types\/page"}],"author":[{"embeddable":true,"href":"https:\/\/brawix.com\/de\/wp-json\/wp\/v2\/users\/1"}],"replies":[{"embeddable":true,"href":"https:\/\/brawix.com\/de\/wp-json\/wp\/v2\/comments?post=186"}],"version-history":[{"count":40,"href":"https:\/\/brawix.com\/de\/wp-json\/wp\/v2\/pages\/186\/revisions"}],"predecessor-version":[{"id":2182,"href":"https:\/\/brawix.com\/de\/wp-json\/wp\/v2\/pages\/186\/revisions\/2182"}],"wp:featuredmedia":[{"embeddable":true,"href":"https:\/\/brawix.com\/de\/wp-json\/wp\/v2\/media\/325"}],"wp:attachment":[{"href":"https:\/\/brawix.com\/de\/wp-json\/wp\/v2\/media?parent=186"}],"curies":[{"name":"wp","href":"https:\/\/api.w.org\/{rel}","templated":true}]}}