{"id":186,"date":"2025-04-24T12:43:31","date_gmt":"2025-04-24T09:43:31","guid":{"rendered":"http:\/\/wp-brawix.test\/?page_id=186"},"modified":"2026-02-13T15:58:42","modified_gmt":"2026-02-13T13:58:42","slug":"color-ppf","status":"publish","type":"page","link":"https:\/\/brawix.com\/md\/color-ppf\/","title":{"rendered":"BRAWIX \u2013 Folie colorat\u0103 de protec\u021bie a vopselei | Protec\u021bie \u0219i stil"},"content":{"rendered":"<div class=\"bg-secondary-light\">\r\n    <div class=\"first-screen-banner w-100\">\r\n        <div class=\"banner-block d-flex flex-column justify-content-end\">\r\n            <div class=\"banner-item position-relative\">\r\n                <div class=\"position-absolute w-100 end-0 translate-middle-y\" style=\"top: 35%;\">\r\n                    <div class=\"container-fluid\">\r\n                        <div class=\"row justify-content-end align-items-center\">\r\n                            <div class=\"col-xl-7 col-xxl-8\">\r\n                                <div class=\"banner-caption position-relative text-start text-md-end py-0 bottom-0 start-0 end-0\">\r\n                                    <h1 class=\"text-white banner mb-3\"><span class=\"d-flex align-items-end justify-content-start justify-content-md-end gap-3 gap-sm-4\"><span>COLORATE<\/span><span class=\"border border-white rounded-3 d-flex p-2 fw-medium text-white fs-5 mb-1 more-variants\">peste 150 de op\u021biuni<\/span><\/span>FOLIE DE PROTEC\u021aIE A VOPSLELII<br><span class=\"title-orange\">BRAWIX COLOR PPF<\/span><\/h1>\r\n                                <\/div>\r\n                            <\/div>\r\n                        <\/div>\r\n                    <\/div>\r\n                <\/div>\r\n                <div class=\"position-absolute w-100 left-0 banner-list-block\">\r\n                    <div class=\"container-fluid\">\r\n                        <div class=\"row justify-content-start align-items-end\">\r\n                            <div class=\"col-xl-6 col-xxl-5\">\r\n                                <ul class=\"banner-list list-unstyled px-sm-5 px-md-0\">\r\n                                    <li class=\"mb-3 px-4 px-md-3 py-2 rounded fw-medium\">\r\n    <span class=\"text-white d-flex gap-3 align-items-center\"><span>\u2022<\/span>Poliuretan complet \u2013 190 microni<\/span>\r\n<\/li>\r\n<li class=\"mb-3 px-4 px-md-3 py-2 rounded fw-medium\">\r\n    <span class=\"text-white d-flex gap-3 align-items-center\"><span>\u2022<\/span>Suprafa\u021b\u0103 auto-vindec\u0103toare<\/span>\r\n<\/li>\r\n<li class=\"mb-3 px-4 px-md-3 py-2 rounded fw-medium\">\r\n    <span class=\"text-white d-flex gap-3 align-items-center\"><span>\u2022<\/span>Culoare profund\u0103 \u0219i bogat\u0103<\/span>\r\n<\/li>\r\n<li class=\"mb-3 px-4 px-md-3 py-2 rounded fw-medium\">\r\n    <span class=\"text-white d-flex gap-3 align-items-center\"><span>\u2022<\/span>Efect hidrofob<\/span>\r\n<\/li>\r\n<li class=\"mb-3 px-4 px-md-3 py-2 rounded fw-medium\">\r\n    <span class=\"text-white d-flex gap-3 align-items-center\"><span>\u2022<\/span>U\u0219or de instalat<\/span>\r\n<\/li>\r\n<li class=\"mb-3 px-4 px-md-3 py-2 rounded fw-medium\">\r\n    <span class=\"text-white d-flex gap-3 align-items-center\"><span>\u2022<\/span>Format rol\u0103: 1,52 x 17 m<\/span>\r\n<\/li>\r\n                                <\/ul>\r\n                            <\/div>\r\n                        <\/div>\r\n                    <\/div>\r\n                <\/div>\r\n            <\/div>        \r\n        <\/div>\r\n    <\/div>\r\n<\/div>\r\n<section class=\"py-5 overflow-y-hidden position-relative\" style=\"background: linear-gradient(90deg, #212121 0%, #303030 100%);\">\r\n    <div class=\"container-fluid my-4\">\r\n        <div class=\"row\">\r\n            <div class=\"col-md-7 col-xl-8\">\r\n                <h2 class=\"h1 banner text-uppercase mb-4\">Protec\u021bie colorat\u0103 din poliuretan<\/h2>\r\n<p class=\"mb-4\">Zg\u00e2rieturi, ciobituri de pietre \u0219i murd\u0103rie sunt inevitabile \u00een timpul utiliz\u0103rii zilnice a vehiculului \u2014 mai ales \u00een mediul urban, unde riscul de daune minore cre\u0219te semnificativ. De aceea protec\u021bia caroseriei este esen\u021bial\u0103.<\/p>\r\n<p class=\"mb-4\"><span class=\"fw-bold title-orange\">BRAWIX Color PPF<\/span> \u00ee\u021bi permite s\u0103 protejezi caroseria \u0219i s\u0103 oferi ma\u0219inii tale un stil unic. Aceast\u0103 folie ofer\u0103 o combina\u021bie inegalabil\u0103 de avantaje: o palet\u0103 larg\u0103 de culori, propriet\u0103\u021bi superioare de protec\u021bie a vopselei \u0219i un pre\u021b excelent.<\/p>\r\n<p class=\"mb-4\">Poliuretanul colorat de la BRAWIX este o solu\u021bie f\u0103r\u0103 compromisuri pentru stilizarea \u0219i protec\u021bia vehiculului. Nu mai trebuie s\u0103 alegi \u00eentre vinilul str\u0103lucitor, dar fragil, \u0219i poliuretanul rezistent \u0219i durabil. <span class=\"fw-bold title-orange\">BRAWIX Color PPF<\/span> combin\u0103 ambele avantaje \u00eentr-un singur produs!<\/p>\r\n<p class=\"mb-0\">Cele mai populare \u0219i solicitate culori \u2014 Nardo Grey, Tiffany Blue, Ferrari Red \u0219i peste 174 altele \u2014 ofer\u0103 alegerea perfect\u0103 pentru urm\u0103torul t\u0103u proiect.<\/p>\r\n            <\/div>\r\n            <div class=\"col-md-5 col-xl-4 d-none d-md-block\">\r\n                <img loading=\"lazy\" decoding=\"async\" width=\"629\" height=\"892\" class=\"img-fluid position-absolute end-0 brawix-color-examples\" src=\"\/wp-content\/themes\/brawix\/assets\/images\/src\/color-ppf\/color-ppf.png\" alt=\"Brawix Color PPF Background\" title=\"Brawix Color PPF Background\">\r\n            <\/div>\r\n        <\/div>\r\n    <\/div>\r\n<\/section>\r\n<section class=\"py-5 bg-secondary-light\">\r\n    <div class=\"container-fluid my-4 pb-5\">\r\n    \r\n                <h2 class=\"title-orange banner text-black-shadow text-uppercase text-center mb-4 mb-md-5\">Lucr\u0103rile tale str\u0103lucitoare<\/h2>\r\n                <div id=\"ajax-load-more-7\" class=\"ajax-load-more-wrap grey\"  data-alm-id=\"\" data-canonical-url=\"https:\/\/brawix.com\/md\/color-ppf\/\" data-slug=\"color-ppf\" data-post-id=\"186\"  data-localized=\"ajax_load_more_7_vars\" data-alm-object=\"ajax_load_more_7\"><div aria-live=\"polite\" aria-atomic=\"true\" class=\"alm-listing alm-ajax row\" data-container-type=\"div\" data-loading-style=\"grey\" data-repeater=\"card-template\" data-post-type=\"post\" data-post-status=\"publish\" data-order=\"ASC\" data-orderby=\"title\" data-offset=\"0\" data-posts-per-page=\"12\" data-lang=\"md\" data-scroll=\"false\" data-button-label=\"Afi\u0219eaz\u0103 mai mult\" data-prev-button-label=\"Load Previous\" data-images-loaded=\"true\"><\/div><div class=\"alm-btn-wrap\" data-rel=\"ajax-load-more-7\"><button class=\"alm-load-more-btn more \" type=\"button\">Afi\u0219eaz\u0103 mai mult<\/button><\/div><\/div> \r\n            <div class=\"col-12\">\r\n                <h2 class=\"h4 text-uppercase text-black mb-4\">Beneficiile cheie ale BRAWIX Color PPF<\/h2>\r\n<p class=\"mb-4\">BRAWIX Color PPF are o serie de avantaje care \u00eel fac o alegere excelent\u0103 pentru protejarea \u0219i stilizarea ma\u0219inii tale. Cele principale sunt:<\/p>\r\n<p class=\"mb-4\"><b>1. Protec\u021bie \u00eempotriva zg\u00e2rieturilor \u0219i daunelor.<\/b> Folia colorat\u0103 din poliuretan protejeaz\u0103 caroseria de zg\u00e2rieturi, ciobituri de pietre \u0219i impacturi minore. Structura sa elastic\u0103 absoarbe \u0219i disipeaz\u0103 energia, reduc\u00e2nd riscul de deteriorare a vopselei \u0219i metalului \u2014 \u00een special \u00een condi\u021bii urbane cu stres mecanic constant.<\/p>\r\n<p class=\"mb-4\"><b>2. Rezisten\u021b\u0103 la UV.<\/b> Unul dintre avantajele cheie este rezisten\u021ba ridicat\u0103 la razele UV. Folia previne decolorarea cauzat\u0103 de expunerea la soare, p\u0103str\u00e2nd tonul \u0219i luciul original al vopselei ani de zile.<\/p>\r\n<p class=\"mb-4\"><b>3. Stilizare personalizat\u0103.<\/b> BRAWIX Color PPF \u00ee\u021bi permite s\u0103 schimbi radical aspectul ma\u0219inii f\u0103r\u0103 a o vopsi. \u00cencearc\u0103 culori \u00eendr\u0103zne\u021be \u0219i f\u0103-\u021bi ma\u0219ina cu adev\u0103rat unic\u0103. Selectia larg\u0103 de culori \u00eei confer\u0103 un avantaj major fa\u021b\u0103 de foliile transparente.<\/p>\r\n<p class=\"mb-4\"><b>4. Durabilitate \u0219i rezisten\u021b\u0103 la uzur\u0103.<\/b> Aceast\u0103 folie are o durabilitate excelent\u0103, rezist\u00e2nd la s\u0103ruri de drum, substan\u021be chimice \u0219i factori de mediu \u2014 ideal\u0103 pentru protec\u021bie pe tot parcursul anului.<\/p>\r\n<p class=\"mb-0\"><b>5. \u00centre\u021binere redus\u0103.<\/b> U\u0219or de cur\u0103\u021bat \u0219i nu necesit\u0103 \u00eengrijire special\u0103. Folia ajut\u0103 s\u0103 economise\u0219ti timp, men\u021bin\u00e2nd ma\u0219ina str\u0103lucitoare \u0219i impecabil\u0103.<\/p>\r\n            <\/div>\r\n        <\/div>\r\n    <\/div>\r\n<\/section>\r\n<section class=\"py-5 bg-primary2F position-relative\">\r\n    <img decoding=\"async\" class=\"brawix-tape brawix-tape-single img-fluid w-100 position-absolute start-0\" src=\"\/wp-content\/themes\/brawix\/assets\/images\/src\/brawix-tape-single.svg\" alt=\"Brawix tape\" title=\"Brawix tape\">\r\n    <div class=\"container-fluid py-4\">\r\n        <div class=\"row\">\r\n            <div class=\"col-md-6 d-block d-md-none\">\r\n                <img loading=\"lazy\" decoding=\"async\" width=\"718\" height=\"284\" class=\"img-fluid brawix-color-car\" src=\"\/wp-content\/themes\/brawix\/assets\/images\/src\/color-ppf\/brawix-color-car.png\" alt=\"Brawix Color Car Mobile\" title=\"Brawix Color Car Mobile\">   \r\n            <\/div>\r\n            <div class=\"col-md-6\">\r\n                <h2 class=\"text-uppercase banner title-orange mb-2\">Vrei catalogul complet?<\/h2>\r\n                <p class=\"mb-4 text-uppercase text-white small-text\">Contacteaz\u0103-ne prin orice metod\u0103 convenabil\u0103<\/p>\r\n                <a href=\"tel:+380675157583\" class=\"btn btn-primary d-inline-flex px-3 gap-3 align-items-center d-none\">\r\n                    <svg class=\"overflow-visible\" xmlns=\"http:\/\/www.w3.org\/2000\/svg\" height=\"20px\"\r\n                    viewBox=\"0 -960 960 960\" width=\"20px\" fill=\"#fff\">\r\n                    <path\r\n                        d=\"M798-120q-125 0-247-54.5T329-329Q229-429 174.5-551T120-798q0-18 12-30t30-12h162q14 0 25 9.5t13 22.5l26 140q2 16-1 27t-11 19l-97 98q20 37 47.5 71.5T387-386q31 31 65 57.5t72 48.5l94-94q9-9 23.5-13.5T670-390l138 28q14 4 23 14.5t9 23.5v162q0 18-12 30t-30 12ZM241-600l66-66-17-94h-89q5 41 14 81t26 79Zm358 358q39 17 79.5 27t81.5 13v-88l-94-19-67 67ZM241-600Zm358 358Z\" \/>\r\n                    <\/svg>\r\n                    Sun\u0103-ne\r\n                <\/a>\r\n            <\/div>\r\n            <div class=\"col-md-6 d-none d-md-block\">\r\n                <img loading=\"lazy\" decoding=\"async\" width=\"718\" height=\"284\" class=\"brawix-color-car img-fluid position-absolute\" src=\"\/wp-content\/themes\/brawix\/assets\/images\/src\/color-ppf\/brawix-color-car.png\" alt=\"Brawix Color Car\" title=\"Brawix Color Car\">   \r\n            <\/div>\r\n        <\/div>\r\n    <\/div>\r\n<\/section>\r\n<section class=\"bg-secondary-light pt-4 py-lg-5 overflow-y-hidden position-relative\">\r\n    <div class=\"container mt-4 pt-4 my-lg-4 py-lg-5\">\r\n        <div class=\"row\">\r\n            <div class=\"col-lg-9\">\r\n                <h2 class=\"h1 banner text-black text-uppercase mb-3 mb-lg-2 text-center text-lg-start\">Urm\u0103re\u0219te-ne pe Instagram<\/h2>\r\n                <p class=\"mb-0 fw-medium text-center text-lg-start\">R\u0103m\u00e2i la curent cu cele mai noi produse \u0219i evenimente!<\/p>\r\n                <div class=\"mt-4 d-flex flex-column flex-lg-row gap-3 align-items-center\">\r\n                    <a href=\"https:\/\/www.instagram.com\/brawix_color\/\" class=\"btn btn-primary d-block \">\r\n                        Urm\u0103re\u0219te\r\n                    <\/a>\r\n                   \r\n                <\/div>\r\n            <\/div>\r\n            <div class=\"col-lg-3 d-none d-lg-block\">\r\n                <img loading=\"lazy\" decoding=\"async\" width=\"417\" height=\"381\" class=\"img-fluid position-absolute end-0 bottom-0\" src=\"\/wp-content\/themes\/brawix\/assets\/images\/src\/color-ppf\/brawix-instagram-phone.png\" alt=\"Brawix Instagram Desktop\" title=\"Brawix Instagram Desktop\">\r\n            <\/div>\r\n        <\/div>\r\n    <\/div>\r\n    <img loading=\"lazy\" decoding=\"async\" width=\"417\" height=\"381\" class=\"mt-4 img-fluid d-block d-lg-none ms-auto\" src=\"\/wp-content\/themes\/brawix\/assets\/images\/src\/color-ppf\/brawix-instagram-phone.png\" alt=\"Brawix Instagram Mobile\" title=\"Brawix Instagram Mobile\">\r\n<\/section>","protected":false},"excerpt":{"rendered":"COLORATEpeste 150 de op\u021biuniFOLIE DE PROTEC\u021aIE A VOPSLELIIBRAWIX COLOR PPF \u2022Poliuretan complet \u2013 190 microni \u2022Suprafa\u021b\u0103 auto-vindec\u0103toare \u2022Culoare profund\u0103 \u0219i bogat\u0103 \u2022Efect hidrofob \u2022U\u0219or de instalat \u2022Format rol\u0103: 1,52 x 17 m Protec\u021bie colorat\u0103 din poliuretan Zg\u00e2rieturi, ciobituri de pietre \u0219i murd\u0103rie sunt inevitabile \u00een timpul utiliz\u0103rii zilnice a vehiculului \u2014 mai ales \u00een mediul [&hellip;]","protected":false},"author":1,"featured_media":325,"parent":0,"menu_order":0,"comment_status":"closed","ping_status":"closed","template":"page.php","meta":{"_acf_changed":false,"footnotes":""},"class_list":["post-186","page","type-page","status-publish","has-post-thumbnail","hentry"],"acf":[],"yoast_head":"<!-- This site is optimized with the Yoast SEO plugin v25.5 - https:\/\/yoast.com\/wordpress\/plugins\/seo\/ -->\n<title>BRAWIX \u2013 Folie colorat\u0103 de protec\u021bie a vopselei | Protec\u021bie \u0219i stil<\/title>\n<meta name=\"description\" content=\"Foliile colorate BRAWIX pentru protec\u021bia vopselei \u2b50 Protec\u021bie a caroseriei \u0219i aspect stilat \u2705 Culori populare: Nardo Grey, Tiffany Blue, Ferrari Red \u0219i altele \u27a5 Alege nuan\u021ba perfect\u0103 pentru tine!\" \/>\n<meta name=\"robots\" content=\"index, follow, max-snippet:-1, max-image-preview:large, max-video-preview:-1\" \/>\n<link rel=\"canonical\" href=\"https:\/\/brawix.com\/md\/color-ppf\/\" \/>\n<meta property=\"og:locale\" content=\"ro_RO\" \/>\n<meta property=\"og:type\" content=\"article\" \/>\n<meta property=\"og:title\" content=\"BRAWIX \u2013 Folie colorat\u0103 de protec\u021bie a vopselei | Protec\u021bie \u0219i stil\" \/>\n<meta property=\"og:description\" content=\"Foliile colorate BRAWIX pentru protec\u021bia vopselei \u2b50 Protec\u021bie a caroseriei \u0219i aspect stilat \u2705 Culori populare: Nardo Grey, Tiffany Blue, Ferrari Red \u0219i altele \u27a5 Alege nuan\u021ba perfect\u0103 pentru tine!\" \/>\n<meta property=\"og:url\" content=\"https:\/\/brawix.com\/md\/color-ppf\/\" \/>\n<meta property=\"og:site_name\" content=\"Brawix\" \/>\n<meta property=\"article:publisher\" content=\"https:\/\/www.facebook.com\/p\/Brawix-Films-100064348231323\/\" \/>\n<meta property=\"article:modified_time\" content=\"2026-02-13T13:58:42+00:00\" \/>\n<meta property=\"og:image\" content=\"https:\/\/brawix.com\/wp-content\/uploads\/2025\/05\/color-ppf.png\" \/>\n\t<meta property=\"og:image:width\" content=\"718\" \/>\n\t<meta property=\"og:image:height\" content=\"284\" \/>\n\t<meta property=\"og:image:type\" content=\"image\/png\" \/>\n<meta name=\"twitter:card\" content=\"summary_large_image\" \/>\n<meta name=\"twitter:label1\" content=\"Est. reading time\" \/>\n\t<meta name=\"twitter:data1\" content=\"4 minute\" \/>\n<script type=\"application\/ld+json\" class=\"yoast-schema-graph\">{\"@context\":\"https:\/\/schema.org\",\"@graph\":[{\"@type\":\"WebPage\",\"@id\":\"https:\/\/brawix.com\/md\/color-ppf\/\",\"url\":\"https:\/\/brawix.com\/md\/color-ppf\/\",\"name\":\"BRAWIX \u2013 Folie colorat\u0103 de protec\u021bie a vopselei | Protec\u021bie \u0219i stil\",\"isPartOf\":{\"@id\":\"https:\/\/brawix.com\/md\/#website\"},\"primaryImageOfPage\":{\"@id\":\"https:\/\/brawix.com\/md\/color-ppf\/#primaryimage\"},\"image\":{\"@id\":\"https:\/\/brawix.com\/color-ppf\/#primaryimage\"},\"thumbnailUrl\":\"https:\/\/brawix.com\/wp-content\/uploads\/2025\/05\/color-ppf.png\",\"datePublished\":\"2025-04-24T09:43:31+00:00\",\"dateModified\":\"2026-02-13T13:58:42+00:00\",\"description\":\"Foliile colorate BRAWIX pentru protec\u021bia vopselei \u2b50 Protec\u021bie a caroseriei \u0219i aspect stilat \u2705 Culori populare: Nardo Grey, Tiffany Blue, Ferrari Red \u0219i altele \u27a5 Alege nuan\u021ba perfect\u0103 pentru tine!\",\"breadcrumb\":{\"@id\":\"https:\/\/brawix.com\/md\/color-ppf\/#breadcrumb\"},\"inLanguage\":\"ro-RO\",\"potentialAction\":[{\"@type\":\"ReadAction\",\"target\":[[\"https:\/\/brawix.com\/md\/color-ppf\/\"]]}]},{\"@type\":\"ImageObject\",\"inLanguage\":\"ro-RO\",\"@id\":\"https:\/\/brawix.com\/md\/color-ppf\/#primaryimage\",\"url\":\"https:\/\/brawix.com\/wp-content\/uploads\/2025\/05\/color-ppf.png\",\"contentUrl\":\"https:\/\/brawix.com\/wp-content\/uploads\/2025\/05\/color-ppf.png\",\"width\":718,\"height\":284,\"caption\":\"color-ppf\"},{\"@type\":\"BreadcrumbList\",\"@id\":\"https:\/\/brawix.com\/md\/color-ppf\/#breadcrumb\",\"itemListElement\":[{\"@type\":\"ListItem\",\"position\":1,\"name\":\"\u0413\u043e\u043b\u043e\u0432\u043d\u0430\",\"item\":\"https:\/\/brawix.com\/md\/\"},{\"@type\":\"ListItem\",\"position\":2,\"name\":\"BRAWIX \u2013 Coloured paint protection film | Protection and style\"}]},{\"@type\":\"WebSite\",\"@id\":\"https:\/\/brawix.com\/md\/#website\",\"url\":\"https:\/\/brawix.com\/md\/\",\"name\":\"Brawix\",\"description\":\"\",\"publisher\":{\"@id\":\"https:\/\/brawix.com\/md\/#organization\"},\"potentialAction\":[{\"@type\":\"SearchAction\",\"target\":{\"@type\":\"EntryPoint\",\"urlTemplate\":\"https:\/\/brawix.com\/md\/?s={search_term_string}\"},\"query-input\":{\"@type\":\"PropertyValueSpecification\",\"valueRequired\":true,\"valueName\":\"search_term_string\"}}],\"inLanguage\":\"ro-RO\"},{\"@type\":\"Organization\",\"@id\":\"https:\/\/brawix.com\/md\/#organization\",\"name\":\"Brawix\",\"url\":\"https:\/\/brawix.com\/md\/\",\"logo\":{\"@type\":\"ImageObject\",\"inLanguage\":\"ro-RO\",\"@id\":\"https:\/\/brawix.com\/md\/#\/schema\/logo\/image\/\",\"url\":\"https:\/\/brawix.com\/wp-content\/uploads\/2025\/04\/brawix-logo-1.jpg\",\"contentUrl\":\"https:\/\/brawix.com\/wp-content\/uploads\/2025\/04\/brawix-logo-1.jpg\",\"width\":900,\"height\":900,\"caption\":\"Brawix\"},\"image\":{\"@id\":\"https:\/\/brawix.com\/md\/#\/schema\/logo\/image\/\"},\"sameAs\":[\"https:\/\/www.facebook.com\/p\/Brawix-Films-100064348231323\/\"]}]}<\/script>\n<!-- \/ Yoast SEO plugin. -->","yoast_head_json":{"title":"BRAWIX \u2013 Folie colorat\u0103 de protec\u021bie a vopselei | Protec\u021bie \u0219i stil","description":"Foliile colorate BRAWIX pentru protec\u021bia vopselei \u2b50 Protec\u021bie a caroseriei \u0219i aspect stilat \u2705 Culori populare: Nardo Grey, Tiffany Blue, Ferrari Red \u0219i altele \u27a5 Alege nuan\u021ba perfect\u0103 pentru tine!","robots":{"index":"index","follow":"follow","max-snippet":"max-snippet:-1","max-image-preview":"max-image-preview:large","max-video-preview":"max-video-preview:-1"},"canonical":"https:\/\/brawix.com\/md\/color-ppf\/","og_locale":"ro_RO","og_type":"article","og_title":"BRAWIX \u2013 Folie colorat\u0103 de protec\u021bie a vopselei | Protec\u021bie \u0219i stil","og_description":"Foliile colorate BRAWIX pentru protec\u021bia vopselei \u2b50 Protec\u021bie a caroseriei \u0219i aspect stilat \u2705 Culori populare: Nardo Grey, Tiffany Blue, Ferrari Red \u0219i altele \u27a5 Alege nuan\u021ba perfect\u0103 pentru tine!","og_url":"https:\/\/brawix.com\/md\/color-ppf\/","og_site_name":"Brawix","article_publisher":"https:\/\/www.facebook.com\/p\/Brawix-Films-100064348231323\/","article_modified_time":"2026-02-13T13:58:42+00:00","og_image":[{"width":718,"height":284,"url":"https:\/\/brawix.com\/wp-content\/uploads\/2025\/05\/color-ppf.png","type":"image\/png"}],"twitter_card":"summary_large_image","twitter_misc":{"Est. reading time":"4 minute"},"schema":{"@context":"https:\/\/schema.org","@graph":[{"@type":"WebPage","@id":"https:\/\/brawix.com\/md\/color-ppf\/","url":"https:\/\/brawix.com\/md\/color-ppf\/","name":"BRAWIX \u2013 Folie colorat\u0103 de protec\u021bie a vopselei | Protec\u021bie \u0219i stil","isPartOf":{"@id":"https:\/\/brawix.com\/md\/#website"},"primaryImageOfPage":{"@id":"https:\/\/brawix.com\/md\/color-ppf\/#primaryimage"},"image":{"@id":"https:\/\/brawix.com\/color-ppf\/#primaryimage"},"thumbnailUrl":"https:\/\/brawix.com\/wp-content\/uploads\/2025\/05\/color-ppf.png","datePublished":"2025-04-24T09:43:31+00:00","dateModified":"2026-02-13T13:58:42+00:00","description":"Foliile colorate BRAWIX pentru protec\u021bia vopselei \u2b50 Protec\u021bie a caroseriei \u0219i aspect stilat \u2705 Culori populare: Nardo Grey, Tiffany Blue, Ferrari Red \u0219i altele \u27a5 Alege nuan\u021ba perfect\u0103 pentru tine!","breadcrumb":{"@id":"https:\/\/brawix.com\/md\/color-ppf\/#breadcrumb"},"inLanguage":"ro-RO","potentialAction":[{"@type":"ReadAction","target":[["https:\/\/brawix.com\/md\/color-ppf\/"]]}]},{"@type":"ImageObject","inLanguage":"ro-RO","@id":"https:\/\/brawix.com\/md\/color-ppf\/#primaryimage","url":"https:\/\/brawix.com\/wp-content\/uploads\/2025\/05\/color-ppf.png","contentUrl":"https:\/\/brawix.com\/wp-content\/uploads\/2025\/05\/color-ppf.png","width":718,"height":284,"caption":"color-ppf"},{"@type":"BreadcrumbList","@id":"https:\/\/brawix.com\/md\/color-ppf\/#breadcrumb","itemListElement":[{"@type":"ListItem","position":1,"name":"\u0413\u043e\u043b\u043e\u0432\u043d\u0430","item":"https:\/\/brawix.com\/md\/"},{"@type":"ListItem","position":2,"name":"BRAWIX \u2013 Coloured paint protection film | Protection and style"}]},{"@type":"WebSite","@id":"https:\/\/brawix.com\/md\/#website","url":"https:\/\/brawix.com\/md\/","name":"Brawix","description":"","publisher":{"@id":"https:\/\/brawix.com\/md\/#organization"},"potentialAction":[{"@type":"SearchAction","target":{"@type":"EntryPoint","urlTemplate":"https:\/\/brawix.com\/md\/?s={search_term_string}"},"query-input":{"@type":"PropertyValueSpecification","valueRequired":true,"valueName":"search_term_string"}}],"inLanguage":"ro-RO"},{"@type":"Organization","@id":"https:\/\/brawix.com\/md\/#organization","name":"Brawix","url":"https:\/\/brawix.com\/md\/","logo":{"@type":"ImageObject","inLanguage":"ro-RO","@id":"https:\/\/brawix.com\/md\/#\/schema\/logo\/image\/","url":"https:\/\/brawix.com\/wp-content\/uploads\/2025\/04\/brawix-logo-1.jpg","contentUrl":"https:\/\/brawix.com\/wp-content\/uploads\/2025\/04\/brawix-logo-1.jpg","width":900,"height":900,"caption":"Brawix"},"image":{"@id":"https:\/\/brawix.com\/md\/#\/schema\/logo\/image\/"},"sameAs":["https:\/\/www.facebook.com\/p\/Brawix-Films-100064348231323\/"]}]}},"_links":{"self":[{"href":"https:\/\/brawix.com\/md\/wp-json\/wp\/v2\/pages\/186","targetHints":{"allow":["GET"]}}],"collection":[{"href":"https:\/\/brawix.com\/md\/wp-json\/wp\/v2\/pages"}],"about":[{"href":"https:\/\/brawix.com\/md\/wp-json\/wp\/v2\/types\/page"}],"author":[{"embeddable":true,"href":"https:\/\/brawix.com\/md\/wp-json\/wp\/v2\/users\/1"}],"replies":[{"embeddable":true,"href":"https:\/\/brawix.com\/md\/wp-json\/wp\/v2\/comments?post=186"}],"version-history":[{"count":1,"href":"https:\/\/brawix.com\/md\/wp-json\/wp\/v2\/pages\/186\/revisions"}],"predecessor-version":[{"id":2182,"href":"https:\/\/brawix.com\/md\/wp-json\/wp\/v2\/pages\/186\/revisions\/2182"}],"wp:featuredmedia":[{"embeddable":true,"href":"https:\/\/brawix.com\/md\/wp-json\/wp\/v2\/media\/325"}],"wp:attachment":[{"href":"https:\/\/brawix.com\/md\/wp-json\/wp\/v2\/media?parent=186"}],"curies":[{"name":"wp","href":"https:\/\/api.w.org\/{rel}","templated":true}]}}