{"id":169,"date":"2025-04-22T17:12:27","date_gmt":"2025-04-22T14:12:27","guid":{"rendered":"http:\/\/wp-brawix.test\/?page_id=169"},"modified":"2026-02-20T15:51:43","modified_gmt":"2026-02-20T13:51:43","slug":"patterns","status":"publish","type":"page","link":"https:\/\/brawix.com\/pl\/patterns\/","title":{"rendered":"\u041b\u0435\u043a\u0430\u043b\u0430"},"content":{"rendered":"<div class=\"container\" id=\"content\" style=\"height: 75vh;\">\r\n\t\t<div class=\"pt-5 pt-md-0 logo\" style=\"margin-bottom: 2rem;\">\r\n\t\t\t<img loading=\"lazy\" decoding=\"async\" style=\"display: block; margin: 0 auto;\" width=\"250\" height=\"108\" src=\"\/wp-content\/themes\/brawix\/assets\/images\/src\/brawix_logo_big.png\" alt=\"Brawix Logo\" title=\"Brawix Logo\">\r\n\t\t<\/div>\r\n\t\t<div class=\"info-wrap text-center text-white\">\r\n\t\t\t<h1>Ta strona jest w trakcie tworzenia<\/h1>\r\n            <a href=\"\/pl\/\" class=\"btn btn-primary mt-4\">Powr\u00f3t na stron\u0119 g\u0142\u00f3wn\u0105<\/a>\r\n\t\t<\/div>\r\n\t<\/div>","protected":false},"excerpt":{"rendered":"Ta strona jest w trakcie tworzenia Powr\u00f3t na stron\u0119 g\u0142\u00f3wn\u0105","protected":false},"author":1,"featured_media":328,"parent":0,"menu_order":0,"comment_status":"closed","ping_status":"closed","template":"page-patterns.php","meta":{"_acf_changed":false,"footnotes":""},"class_list":["post-169","page","type-page","status-publish","has-post-thumbnail","hentry"],"acf":[],"yoast_head":"<!-- This site is optimized with the Yoast SEO plugin v25.5 - https:\/\/yoast.com\/wordpress\/plugins\/seo\/ -->\n<title>BRAWIX \u2014 Wykroje i szablony folii samochodowych \u2014 kup gotowe wykroje w Ukrainie<\/title>\n<meta name=\"description\" content=\"BRAWIX \u2014 Wykroje i szablony folii samochodowych \u2014 kup gotowe wykroje w Ukrainie\" \/>\n<meta name=\"robots\" content=\"index, follow, max-snippet:-1, max-image-preview:large, max-video-preview:-1\" \/>\n<link rel=\"canonical\" href=\"https:\/\/brawix.com\/pl\/patterns\/\" \/>\n<meta property=\"og:locale\" content=\"pl_PL\" \/>\n<meta property=\"og:type\" content=\"article\" \/>\n<meta property=\"og:title\" content=\"BRAWIX \u2014 Wykroje i szablony folii samochodowych \u2014 kup gotowe wykroje w Ukrainie\" \/>\n<meta property=\"og:description\" content=\"BRAWIX \u2014 Wykroje i szablony folii samochodowych \u2014 kup gotowe wykroje w Ukrainie\" \/>\n<meta property=\"og:url\" content=\"https:\/\/brawix.com\/pl\/patterns\/\" \/>\n<meta property=\"og:site_name\" content=\"Brawix\" \/>\n<meta property=\"article:publisher\" content=\"https:\/\/www.facebook.com\/p\/Brawix-Films-100064348231323\/\" \/>\n<meta property=\"article:modified_time\" content=\"2026-02-20T13:51:43+00:00\" \/>\n<meta property=\"og:image\" content=\"https:\/\/brawix.com\/wp-content\/uploads\/2025\/05\/main-page.png\" \/>\n\t<meta property=\"og:image:width\" content=\"885\" \/>\n\t<meta property=\"og:image:height\" content=\"538\" \/>\n\t<meta property=\"og:image:type\" content=\"image\/png\" \/>\n<meta name=\"twitter:card\" content=\"summary_large_image\" \/>\n<meta name=\"twitter:label1\" content=\"Est. reading time\" \/>\n\t<meta name=\"twitter:data1\" content=\"1 minuta\" \/>\n<script type=\"application\/ld+json\" class=\"yoast-schema-graph\">{\"@context\":\"https:\/\/schema.org\",\"@graph\":[{\"@type\":\"WebPage\",\"@id\":\"https:\/\/brawix.com\/pl\/patterns\/\",\"url\":\"https:\/\/brawix.com\/pl\/patterns\/\",\"name\":\"BRAWIX \u2014 Wykroje i szablony folii samochodowych \u2014 kup gotowe wykroje w Ukrainie\",\"isPartOf\":{\"@id\":\"https:\/\/brawix.com\/pl\/#website\"},\"primaryImageOfPage\":{\"@id\":\"https:\/\/brawix.com\/pl\/patterns\/#primaryimage\"},\"image\":{\"@id\":\"https:\/\/brawix.com\/patterns\/#primaryimage\"},\"thumbnailUrl\":\"https:\/\/brawix.com\/wp-content\/uploads\/2025\/05\/main-page.png\",\"datePublished\":\"2025-04-22T14:12:27+00:00\",\"dateModified\":\"2026-02-20T13:51:43+00:00\",\"description\":\"BRAWIX \u2014 Wykroje i szablony folii samochodowych \u2014 kup gotowe wykroje w Ukrainie\",\"breadcrumb\":{\"@id\":\"https:\/\/brawix.com\/pl\/patterns\/#breadcrumb\"},\"inLanguage\":\"pl-PL\",\"potentialAction\":[{\"@type\":\"ReadAction\",\"target\":[[\"https:\/\/brawix.com\/pl\/patterns\/\"]]}]},{\"@type\":\"ImageObject\",\"inLanguage\":\"pl-PL\",\"@id\":\"https:\/\/brawix.com\/pl\/patterns\/#primaryimage\",\"url\":\"https:\/\/brawix.com\/wp-content\/uploads\/2025\/05\/main-page.png\",\"contentUrl\":\"https:\/\/brawix.com\/wp-content\/uploads\/2025\/05\/main-page.png\",\"width\":885,\"height\":538,\"caption\":\"main-page\"},{\"@type\":\"BreadcrumbList\",\"@id\":\"https:\/\/brawix.com\/pl\/patterns\/#breadcrumb\",\"itemListElement\":[{\"@type\":\"ListItem\",\"position\":1,\"name\":\"\u0413\u043e\u043b\u043e\u0432\u043d\u0430\",\"item\":\"https:\/\/brawix.com\/pl\/\"},{\"@type\":\"ListItem\",\"position\":2,\"name\":\"\u041b\u0435\u043a\u0430\u043b\u0430\"}]},{\"@type\":\"WebSite\",\"@id\":\"https:\/\/brawix.com\/pl\/#website\",\"url\":\"https:\/\/brawix.com\/pl\/\",\"name\":\"Brawix\",\"description\":\"\",\"publisher\":{\"@id\":\"https:\/\/brawix.com\/pl\/#organization\"},\"potentialAction\":[{\"@type\":\"SearchAction\",\"target\":{\"@type\":\"EntryPoint\",\"urlTemplate\":\"https:\/\/brawix.com\/pl\/?s={search_term_string}\"},\"query-input\":{\"@type\":\"PropertyValueSpecification\",\"valueRequired\":true,\"valueName\":\"search_term_string\"}}],\"inLanguage\":\"pl-PL\"},{\"@type\":\"Organization\",\"@id\":\"https:\/\/brawix.com\/pl\/#organization\",\"name\":\"Brawix\",\"url\":\"https:\/\/brawix.com\/pl\/\",\"logo\":{\"@type\":\"ImageObject\",\"inLanguage\":\"pl-PL\",\"@id\":\"https:\/\/brawix.com\/pl\/#\/schema\/logo\/image\/\",\"url\":\"https:\/\/brawix.com\/wp-content\/uploads\/2025\/04\/brawix-logo-1.jpg\",\"contentUrl\":\"https:\/\/brawix.com\/wp-content\/uploads\/2025\/04\/brawix-logo-1.jpg\",\"width\":900,\"height\":900,\"caption\":\"Brawix\"},\"image\":{\"@id\":\"https:\/\/brawix.com\/pl\/#\/schema\/logo\/image\/\"},\"sameAs\":[\"https:\/\/www.facebook.com\/p\/Brawix-Films-100064348231323\/\"]}]}<\/script>\n<!-- \/ Yoast SEO plugin. -->","yoast_head_json":{"title":"BRAWIX \u2014 Wykroje i szablony folii samochodowych \u2014 kup gotowe wykroje w Ukrainie","description":"BRAWIX \u2014 Wykroje i szablony folii samochodowych \u2014 kup gotowe wykroje w Ukrainie","robots":{"index":"index","follow":"follow","max-snippet":"max-snippet:-1","max-image-preview":"max-image-preview:large","max-video-preview":"max-video-preview:-1"},"canonical":"https:\/\/brawix.com\/pl\/patterns\/","og_locale":"pl_PL","og_type":"article","og_title":"BRAWIX \u2014 Wykroje i szablony folii samochodowych \u2014 kup gotowe wykroje w Ukrainie","og_description":"BRAWIX \u2014 Wykroje i szablony folii samochodowych \u2014 kup gotowe wykroje w Ukrainie","og_url":"https:\/\/brawix.com\/pl\/patterns\/","og_site_name":"Brawix","article_publisher":"https:\/\/www.facebook.com\/p\/Brawix-Films-100064348231323\/","article_modified_time":"2026-02-20T13:51:43+00:00","og_image":[{"width":885,"height":538,"url":"https:\/\/brawix.com\/wp-content\/uploads\/2025\/05\/main-page.png","type":"image\/png"}],"twitter_card":"summary_large_image","twitter_misc":{"Est. reading time":"1 minuta"},"schema":{"@context":"https:\/\/schema.org","@graph":[{"@type":"WebPage","@id":"https:\/\/brawix.com\/pl\/patterns\/","url":"https:\/\/brawix.com\/pl\/patterns\/","name":"BRAWIX \u2014 Wykroje i szablony folii samochodowych \u2014 kup gotowe wykroje w Ukrainie","isPartOf":{"@id":"https:\/\/brawix.com\/pl\/#website"},"primaryImageOfPage":{"@id":"https:\/\/brawix.com\/pl\/patterns\/#primaryimage"},"image":{"@id":"https:\/\/brawix.com\/patterns\/#primaryimage"},"thumbnailUrl":"https:\/\/brawix.com\/wp-content\/uploads\/2025\/05\/main-page.png","datePublished":"2025-04-22T14:12:27+00:00","dateModified":"2026-02-20T13:51:43+00:00","description":"BRAWIX \u2014 Wykroje i szablony folii samochodowych \u2014 kup gotowe wykroje w Ukrainie","breadcrumb":{"@id":"https:\/\/brawix.com\/pl\/patterns\/#breadcrumb"},"inLanguage":"pl-PL","potentialAction":[{"@type":"ReadAction","target":[["https:\/\/brawix.com\/pl\/patterns\/"]]}]},{"@type":"ImageObject","inLanguage":"pl-PL","@id":"https:\/\/brawix.com\/pl\/patterns\/#primaryimage","url":"https:\/\/brawix.com\/wp-content\/uploads\/2025\/05\/main-page.png","contentUrl":"https:\/\/brawix.com\/wp-content\/uploads\/2025\/05\/main-page.png","width":885,"height":538,"caption":"main-page"},{"@type":"BreadcrumbList","@id":"https:\/\/brawix.com\/pl\/patterns\/#breadcrumb","itemListElement":[{"@type":"ListItem","position":1,"name":"\u0413\u043e\u043b\u043e\u0432\u043d\u0430","item":"https:\/\/brawix.com\/pl\/"},{"@type":"ListItem","position":2,"name":"\u041b\u0435\u043a\u0430\u043b\u0430"}]},{"@type":"WebSite","@id":"https:\/\/brawix.com\/pl\/#website","url":"https:\/\/brawix.com\/pl\/","name":"Brawix","description":"","publisher":{"@id":"https:\/\/brawix.com\/pl\/#organization"},"potentialAction":[{"@type":"SearchAction","target":{"@type":"EntryPoint","urlTemplate":"https:\/\/brawix.com\/pl\/?s={search_term_string}"},"query-input":{"@type":"PropertyValueSpecification","valueRequired":true,"valueName":"search_term_string"}}],"inLanguage":"pl-PL"},{"@type":"Organization","@id":"https:\/\/brawix.com\/pl\/#organization","name":"Brawix","url":"https:\/\/brawix.com\/pl\/","logo":{"@type":"ImageObject","inLanguage":"pl-PL","@id":"https:\/\/brawix.com\/pl\/#\/schema\/logo\/image\/","url":"https:\/\/brawix.com\/wp-content\/uploads\/2025\/04\/brawix-logo-1.jpg","contentUrl":"https:\/\/brawix.com\/wp-content\/uploads\/2025\/04\/brawix-logo-1.jpg","width":900,"height":900,"caption":"Brawix"},"image":{"@id":"https:\/\/brawix.com\/pl\/#\/schema\/logo\/image\/"},"sameAs":["https:\/\/www.facebook.com\/p\/Brawix-Films-100064348231323\/"]}]}},"_links":{"self":[{"href":"https:\/\/brawix.com\/pl\/wp-json\/wp\/v2\/pages\/169","targetHints":{"allow":["GET"]}}],"collection":[{"href":"https:\/\/brawix.com\/pl\/wp-json\/wp\/v2\/pages"}],"about":[{"href":"https:\/\/brawix.com\/pl\/wp-json\/wp\/v2\/types\/page"}],"author":[{"embeddable":true,"href":"https:\/\/brawix.com\/pl\/wp-json\/wp\/v2\/users\/1"}],"replies":[{"embeddable":true,"href":"https:\/\/brawix.com\/pl\/wp-json\/wp\/v2\/comments?post=169"}],"version-history":[{"count":5,"href":"https:\/\/brawix.com\/pl\/wp-json\/wp\/v2\/pages\/169\/revisions"}],"predecessor-version":[{"id":541,"href":"https:\/\/brawix.com\/pl\/wp-json\/wp\/v2\/pages\/169\/revisions\/541"}],"wp:featuredmedia":[{"embeddable":true,"href":"https:\/\/brawix.com\/pl\/wp-json\/wp\/v2\/media\/328"}],"wp:attachment":[{"href":"https:\/\/brawix.com\/pl\/wp-json\/wp\/v2\/media?parent=169"}],"curies":[{"name":"wp","href":"https:\/\/api.w.org\/{rel}","templated":true}]}}