{"id":173,"date":"2025-04-22T17:52:43","date_gmt":"2025-04-22T14:52:43","guid":{"rendered":"http:\/\/wp-brawix.test\/?page_id=173"},"modified":"2026-02-13T16:14:31","modified_gmt":"2026-02-13T14:14:31","slug":"tools","status":"publish","type":"page","link":"https:\/\/brawix.com\/pl\/tools\/","title":{"rendered":"BRAWIX \u2014 Profesjonalne narz\u0119dzia do pracy z foliami samochodowymi"},"content":{"rendered":"<section>\r\n    <div class=\"first-screen-banner instruments w-100\">\r\n        <div class=\"banner-block flex-column justify-content-end d-none d-lg-flex\">\r\n            <div class=\"banner-item position-relative\">\r\n                <div class=\"position-absolute w-100 end-0 translate-end-y\" style=\"top: 60%\">\r\n                    <div class=\"container-fluid\">\r\n                        <div class=\"row align-items-center\">\r\n                            <div class=\"col-lg-10 col-xl-6 text-center\">\r\n                                <h1 class=\"text-white text-start banner mt-3 mt-sm-0 mb-4\">PROFESJONALNE<br>NARZ\u0118DZIA DO<br>PRACY Z FOLIAMI<\/h1>\r\n                            <\/div>\r\n                        <\/div>\r\n                    <\/div>\r\n                <\/div>\r\n            <\/div>        \r\n        <\/div>\r\n        <div class=\"banner-block flex-column justify-content-end d-flex d-lg-none h-100\">\r\n            <div class=\"banner-item position-relative h-100\">\r\n                <div class=\"position-relative\" id=\"content\">\r\n                    <div class=\"container-fluid\">\r\n                        <div class=\"row align-items-center\">\r\n                            <div class=\"col-12 text-center\">\r\n                                <h1 class=\"text-white banner mb-4\">PROFESJONALNE NARZ\u0118DZIA DO PRACY Z FOLIAMI<\/h1>\r\n                            <\/div>\r\n                        <\/div>\r\n                    <\/div>\r\n                <\/div>\r\n            <\/div>        \r\n        <\/div>\r\n    <\/div>\r\n<\/section>\r\n<section class=\"bg-white py-5\" id=\"delivery\">\r\n    <div class=\"container-fluid\">\r\n        <div class=\"row align-items-start\">\r\n            <div class=\"col-xl-9 col-xxl-8 text-center text-md-start mb-5 mb-xl-0\">\r\n                <h2 class=\"h1 text-black text-black-shadow text-uppercase mb-4\">Narz\u0119dzia do pracy z foliami samochodowymi: co jest potrzebne do profesjonalnej aplikacji?<\/h2>\r\n                <p class=\"text-black mb-4\">Aby uzyska\u0107 najwy\u017csz\u0105 jako\u015b\u0107 podczas aplikacji folii samochodowych, nale\u017cy u\u017cywa\u0107 specjalistycznych narz\u0119dzi, kt\u00f3re znacznie u\u0142atwiaj\u0105 proces, skracaj\u0105 czas pracy i pomagaj\u0105 osi\u0105gn\u0105\u0107 idealny rezultat.<\/p>\r\n                \r\n                <p class=\"text-black fw-bold\">&#8211; Rakle (skrobaki, wyciskacze, chizlery, slamery itp.)<\/p>\r\n                <p class=\"text-black mb-4\">Rakle to jedno z podstawowych narz\u0119dzi do usuwania p\u0119cherzyk\u00f3w powietrza i wyg\u0142adzania folii. Dost\u0119pne s\u0105 w r\u00f3\u017cnych kszta\u0142tach i o r\u00f3\u017cnej twardo\u015bci, wykonane z rozmaitych materia\u0142\u00f3w. Aby uzyska\u0107 najlepszy efekt, warto u\u017cywa\u0107 rakli z mi\u0119kkimi nak\u0142adkami, aby nie uszkodzi\u0107 powierzchni folii. Szczeg\u00f3lnie popularne s\u0105 rakle z filcowymi nak\u0142adkami, kt\u00f3re zapewniaj\u0105 delikatny kontakt z materia\u0142em.<\/p>\r\n            \r\n                <p class=\"text-black fw-bold\">&#8211; No\u017ce i ostrza do docinania folii<\/p>\r\n                <p class=\"text-black mb-4\">Precyzyjne docinanie folii jest wa\u017cnym etapem, kt\u00f3ry wymaga u\u017cycia wysokiej jako\u015bci no\u017ca. Warto wybra\u0107 model z ostrzami segmentowymi, kt\u00f3re mo\u017cna \u0142atwo wymieni\u0107 po st\u0119pieniu.<\/p>\r\n            \r\n                <p class=\"text-black fw-bold\">&#8211; Spryskiwacze i rozpylacze<\/p>\r\n                <p class=\"text-black\">Mog\u0105 to by\u0107 modele z pompk\u0105 lub r\u0119czne i s\u0142u\u017c\u0105 do rozpylania roztworu mydlanego, wody lub alkoholu. Wa\u017cne, aby spryskiwacz dzia\u0142a\u0142 bez zarzutu i podawa\u0142 wy\u0142\u0105cznie czysty, przefiltrowany roztw\u00f3r myd\u0142a lub alkoholu.<\/p>\r\n            \r\n                <p class=\"text-black fw-bold my-4\">&#8211; Dodatkowe narz\u0119dzia (np. magnes, haczyk, primer, uchwyty, opalarka do wygrzewania folii itp.)<\/p>\r\n                \r\n                <p class=\"text-black\">Niezale\u017cnie od do\u015bwiadczenia, dobre narz\u0119dzia to klucz do sukcesu. Pomagaj\u0105 nie tylko osi\u0105gn\u0105\u0107 rezultat wysokiej jako\u015bci, lecz tak\u017ce sprawiaj\u0105, \u017ce praca przebiega szybciej i jest przyjemniejsza.<\/p>\r\n                <p class=\"text-black mb-5\">U\u017cywaj niezawodnych narz\u0119dzi \u2013 a osi\u0105gniesz doskona\u0142y rezultat i spe\u0142nisz oczekiwania nawet najbardziej wymagaj\u0105cych klient\u00f3w.<\/p>\r\n                <div class=\"bg-primary2D rounded py-4 px-4 d-flex d-xl-inline-flex flex-column gap-4\">\r\n                    <h3 class=\"text-white text-uppercase\">Aby otrzyma\u0107 <span class=\"title-orange\">cennik<\/span> ca\u0142ego asortymentu narz\u0119dzi, napisz do nas<\/h3>\r\n                    <div class=\"row align-items-center justify-content-between\">\r\n                        <div class=\"col-lg-6 mb-4 mb-lg-0\">\r\n                            <div class=\"rounded-3 d-flex flex-column flex-sm-row gap-4 justify-content-center border-white border py-3 px-3 align-items-center border-with-opacity\">\r\n                                <div class=\"d-flex gap-3 align-items-center\">\r\n                                    <svg class=\"overflow-visible\" width=\"32\" height=\"32\" fill=\"none\" xmlns=\"http:\/\/www.w3.org\/2000\/svg\"><rect width=\"32\" height=\"32\" rx=\"5\" fill=\"#EA5906\"\/><mask id=\"a\" style=\"mask-type:alpha\" maskUnits=\"userSpaceOnUse\" x=\"6\" y=\"6\" width=\"20\" height=\"20\"><path fill=\"#D9D9D9\" d=\"M6 6h20v20H6z\"\/><\/mask><g><path d=\"M22.625 23.5c-1.736 0-3.451-.378-5.146-1.135-1.694-.757-3.236-1.83-4.625-3.22-1.389-1.388-2.462-2.93-3.219-4.624C8.878 12.826 8.5 11.11 8.5 9.375c0-.25.083-.458.25-.625a.848.848 0 0 1 .625-.25h3.375c.194 0 .368.066.52.198a.761.761 0 0 1 .272.469l.541 2.916c.028.223.021.41-.02.563a.877.877 0 0 1-.23.396l-2.02 2.041c.277.514.607 1.01.99 1.49.381.48.801.94 1.26 1.385.43.43.881.83 1.354 1.198.472.368.972.705 1.5 1.01l1.958-1.958c.125-.125.288-.218.49-.28.201-.063.399-.08.593-.053l2.875.583a.965.965 0 0 1 .48.302.733.733 0 0 1 .187.49v3.375c0 .25-.083.458-.25.625a.848.848 0 0 1-.625.25Zm-11.604-10 1.375-1.375-.354-1.958h-1.854c.069.57.166 1.132.291 1.687a9.13 9.13 0 0 0 .542 1.646Zm7.458 7.458a10.345 10.345 0 0 0 3.354.834v-1.834l-1.958-.395-1.396 1.395Z\" fill=\"#fff\"\/><\/g><\/svg>\r\n                                    <a class=\"fw-bold text-white text-nowrap\" href=\"tel:+48573569190\">+48 573 569 190<\/a>\r\n                                <\/div>\r\n\r\n                                <div class=\"d-flex gap-3 align-items-center\">\r\n                                    <a href=\"viber:\/\/chat?number=%2B48573569190\">\r\n                                        <svg width=\"20\" height=\"20\" fill=\"none\" xmlns=\"http:\/\/www.w3.org\/2000\/svg\"><path d=\"M6.637 5.168a.683.683 0 0 0-.447.089h-.012a3.423 3.423 0 0 0-.834.685c-.2.231-.308.465-.337.69a.948.948 0 0 0 .035.395l.015.009c.225.66.518 1.296.876 1.895.462.84 1.031 1.617 1.692 2.312l.02.029.032.023.019.023.023.02a11.337 11.337 0 0 0 2.318 1.7c.963.524 1.547.771 1.898.874v.005a.965.965 0 0 0 .29.046c.299-.021.582-.143.803-.345.271-.24.5-.522.678-.836v-.006c.168-.317.111-.615-.13-.818a9.998 9.998 0 0 0-1.568-1.125c-.373-.202-.752-.08-.906.125l-.327.414c-.168.205-.473.176-.473.176l-.009.005c-2.276-.58-2.883-2.885-2.883-2.885s-.028-.313.182-.473l.41-.33c.197-.16.334-.538.123-.912a10 10 0 0 0-1.123-1.566.625.625 0 0 0-.366-.22m3.847-1a.417.417 0 1 0 0 .833c1.053 0 1.928.344 2.621 1.004.356.361.633.788.815 1.257.182.469.266.97.244 1.471a.417.417 0 0 0 .833.035 4.5 4.5 0 0 0-1.304-3.353l-.008-.008c-.86-.821-1.946-1.24-3.2-1.24Z\" fill=\"#fff\"\/><path d=\"M10.454 5.537a.417.417 0 0 0 0 .833h.014c.76.054 1.313.308 1.7.723.398.429.604.961.588 1.62a.417.417 0 1 0 .834.019c.02-.864-.259-1.61-.81-2.205v-.002c-.565-.605-1.339-.925-2.27-.987l-.015-.002h-.041Z\" fill=\"#fff\"\/><path d=\"M10.438 6.933a.417.417 0 1 0-.044.831c.349.019.571.124.711.264.141.142.246.37.265.725a.416.416 0 1 0 .832-.044c-.027-.5-.184-.941-.504-1.266-.323-.325-.762-.484-1.26-.51Z\" fill=\"#fff\"\/><path fill-rule=\"evenodd\" clip-rule=\"evenodd\" d=\"M5.89 1.987a18.459 18.459 0 0 1 8.053 0l.282.062a4.3 4.3 0 0 1 3.227 3.136 16.417 16.417 0 0 1 0 8.083 4.3 4.3 0 0 1-3.227 3.136l-.283.063c-1.66.37-3.365.51-5.064.416L6.667 18.86a.624.624 0 0 1-1.033-.363l-.366-2.185a4.3 4.3 0 0 1-2.888-3.045 16.417 16.417 0 0 1 0-8.083 4.3 4.3 0 0 1 3.227-3.136l.282-.062Zm7.78 1.219a17.208 17.208 0 0 0-7.508 0l-.283.063a3.05 3.05 0 0 0-2.287 2.224 15.166 15.166 0 0 0 0 7.468 3.05 3.05 0 0 0 2.287 2.223l.075.017a.626.626 0 0 1 .48.506l.245 1.465 1.56-1.395a.625.625 0 0 1 .461-.159c1.666.118 3.34-.007 4.97-.37l.283-.064a3.051 3.051 0 0 0 2.287-2.223c.622-2.45.622-5.018 0-7.468a3.05 3.05 0 0 0-2.287-2.224l-.283-.063Z\" fill=\"#fff\"\/><\/svg>\r\n                                    <\/a>\r\n                                    <a href=\"tg:\/\/resolve?domain=trade_films\">\r\n                                        <svg width=\"20\" height=\"20\" fill=\"none\" xmlns=\"http:\/\/www.w3.org\/2000\/svg\"><path d=\"M17.882 2.046a.704.704 0 0 0-.716-.123L1.333 8.12a1.11 1.11 0 0 0 .19 2.125l4.103.806v4.574a1.244 1.244 0 0 0 .78 1.159 1.243 1.243 0 0 0 1.369-.292l1.978-2.051 3.138 2.746a1.24 1.24 0 0 0 1.212.251 1.24 1.24 0 0 0 .833-.908l3.172-13.796a.703.703 0 0 0-.226-.688ZM13.105 4.86 6.106 9.87l-3.875-.76 10.874-4.252Zm-6.23 10.766v-3.71l1.937 1.699-1.936 2.011Zm6.839.625-6.46-5.664 9.297-6.663-2.837 12.327Z\" fill=\"#fff\"\/><\/svg>\r\n                                    <\/a>\r\n                                    <a href=\"whatsapp:\/\/send?phone=+48573569190\">\r\n                                        <svg width=\"20\" height=\"20\" fill=\"none\" xmlns=\"http:\/\/www.w3.org\/2000\/svg\"><g clip-path=\"url(#a)\"><path fill-rule=\"evenodd\" clip-rule=\"evenodd\" d=\"M9.122.041C6.644.3 4.312 1.475 2.708 3.276 1.154 5.019.288 7.092.159 9.368a9.937 9.937 0 0 0 .817 4.58c.086.2.157.39.156.424 0 .034-.254 1.309-.564 2.834-.31 1.524-.559 2.777-.552 2.784.006.006.142-.016.3-.05.27-.057 2.643-.543 4.552-.932l.824-.167.177.09c.756.384 1.902.717 2.941.854.622.082 1.876.082 2.499 0a9.891 9.891 0 0 0 5.781-2.849c2.429-2.44 3.41-5.854 2.654-9.225-.314-1.4-.98-2.782-1.917-3.97-.285-.362-1.202-1.28-1.557-1.56C14.853 1.068 13.316.39 11.572.114c-.577-.091-1.893-.13-2.45-.073Zm.39.92c-.982.097-1.577.217-2.324.469-3.002 1.01-5.297 3.61-5.915 6.7a8.414 8.414 0 0 0-.18 1.847 8.82 8.82 0 0 0 .837 3.755l.22.467-.466 2.285a165.55 165.55 0 0 0-.46 2.292c.004.004 1.035-.203 2.292-.46l2.285-.466.467.22a8.841 8.841 0 0 0 3.79.836 8.897 8.897 0 0 0 6.345-2.62c1.425-1.425 2.308-3.224 2.586-5.27.073-.533.063-1.754-.018-2.305a9.134 9.134 0 0 0-1.76-4.219c-.357-.48-1.228-1.352-1.707-1.708a9.126 9.126 0 0 0-4.189-1.749C10.898.975 9.815.93 9.512.96Zm-3.25 3.39c-.287.094-.49.24-.888.642-.461.465-.644.73-.801 1.165-.159.438-.21.886-.178 1.576.032.71.109 1.265.252 1.819.778 3.007 3.166 5.27 6.223 5.896.628.129 1.73.198 2.25.141.828-.09 1.411-.407 2.076-1.13.45-.487.61-.942.518-1.475-.082-.479-.185-.626-1.043-1.49-.696-.7-.815-.802-1.056-.915a1.328 1.328 0 0 0-.595-.143c-.535-.028-.875.096-1.29.471-.359.326-.535.4-.949.4-.515-.001-.615-.06-1.357-.813-.697-.707-.762-.818-.76-1.3.003-.326.132-.612.42-.922.534-.577.645-1.224.328-1.904-.103-.22-.226-.362-.889-1.02-.656-.652-.809-.785-1.04-.898-.247-.121-.307-.134-.664-.143-.253-.007-.452.009-.558.043Zm.278.886c-.18.053-.875.783-1.004 1.056-.156.33-.182.504-.183 1.202-.002 1.195.202 2.112.702 3.15 1.055 2.188 3.116 3.66 5.546 3.962.478.06 1.5.052 1.744-.013.362-.096.65-.284 1.022-.662.402-.41.474-.565.397-.856-.037-.14-.159-.282-.754-.883-.39-.395-.766-.742-.835-.772a.743.743 0 0 0-.56.006 2.69 2.69 0 0 0-.373.293 2.15 2.15 0 0 1-2.68.196c-.352-.236-1.29-1.18-1.51-1.523a2.158 2.158 0 0 1 .228-2.635c.128-.141.26-.309.293-.373.075-.145.077-.442.004-.58-.03-.058-.378-.427-.772-.819-.812-.808-.894-.857-1.265-.749Z\" fill=\"#fff\"\/><\/g><defs><clipPath id=\"a\"><path fill=\"#fff\" d=\"M0 0h20v20H0z\"\/><\/clipPath><\/defs><\/svg>\r\n                                    <\/a>\r\n                                <\/div>\r\n                            <\/div>\r\n                        <\/div>\r\n                        <div class=\"col-lg-6\">\r\n                            <div class=\"rounded-3 d-flex gap-4 justify-content-center justify-content-lg-between border-white border py-3 px-3 align-items-center border-with-opacity\">\r\n                                <div class=\"d-flex align-items-center gap-3\">\r\n                                    <svg class=\"overflow-visible\" width=\"32\" height=\"32\" fill=\"none\" xmlns=\"http:\/\/www.w3.org\/2000\/svg\"><rect width=\"32\" height=\"32\" rx=\"5\" fill=\"#EA5906\"\/><mask id=\"a\" style=\"mask-type:alpha\" maskUnits=\"userSpaceOnUse\" x=\"6\" y=\"6\" width=\"20\" height=\"20\"><path fill=\"#D9D9D9\" d=\"M6 6h20v20H6z\"\/><\/mask><g><path d=\"M22.625 23.5c-1.736 0-3.451-.378-5.146-1.135-1.694-.757-3.236-1.83-4.625-3.22-1.389-1.388-2.462-2.93-3.219-4.624C8.878 12.826 8.5 11.11 8.5 9.375c0-.25.083-.458.25-.625a.848.848 0 0 1 .625-.25h3.375c.194 0 .368.066.52.198a.761.761 0 0 1 .272.469l.541 2.916c.028.223.021.41-.02.563a.877.877 0 0 1-.23.396l-2.02 2.041c.277.514.607 1.01.99 1.49.381.48.801.94 1.26 1.385.43.43.881.83 1.354 1.198.472.368.972.705 1.5 1.01l1.958-1.958c.125-.125.288-.218.49-.28.201-.063.399-.08.593-.053l2.875.583a.965.965 0 0 1 .48.302.733.733 0 0 1 .187.49v3.375c0 .25-.083.458-.25.625a.848.848 0 0 1-.625.25Zm-11.604-10 1.375-1.375-.354-1.958h-1.854c.069.57.166 1.132.291 1.687a9.13 9.13 0 0 0 .542 1.646Zm7.458 7.458a10.345 10.345 0 0 0 3.354.834v-1.834l-1.958-.395-1.396 1.395Z\" fill=\"#fff\"\/><\/g><\/svg>\r\n                                    <span class=\"fw-bold text-white\">Media spo\u0142eczno\u015bciowe:<\/span>\r\n                                <\/div>\r\n\r\n                                <div class=\"d-flex gap-3 align-items-center\">\r\n                                    <a href=\"https:\/\/www.instagram.com\/brawix_poland\/\" target=\"_blank\">\r\n                                        <svg class=\"instagram\" width=\"20\" height=\"20\" fill=\"none\" xmlns=\"http:\/\/www.w3.org\/2000\/svg\"><g clip-path=\"url(#a)\" fill=\"#fff\"><path d=\"M15 0H5C2.25 0 0 2.25 0 5v10c0 2.75 2.25 5 5 5h10c2.75 0 5-2.25 5-5V5c0-2.75-2.25-5-5-5Zm3.333 15A3.337 3.337 0 0 1 15 18.333H5A3.337 3.337 0 0 1 1.667 15V5A3.337 3.337 0 0 1 5 1.667h10A3.337 3.337 0 0 1 18.333 5v10Z\"\/><path d=\"M15.418 5.833a1.25 1.25 0 1 0 0-2.5 1.25 1.25 0 0 0 0 2.5ZM10 5a5 5 0 1 0 0 10 5 5 0 0 0 0-10Zm0 8.333a3.333 3.333 0 1 1 0-6.666 3.333 3.333 0 0 1 0 6.666Z\"\/><\/g><defs><clipPath id=\"a\"><path fill=\"#fff\" d=\"M0 0h20v20H0z\"\/><\/clipPath><\/defs><\/svg>\r\n                                    <\/a>\r\n                                    <a href=\"https:\/\/www.tiktok.com\/@brawix_poland\" target=\"_blank\">\r\n                                        <svg class=\"tiktok\" width=\"20\" height=\"20\" fill=\"none\" xmlns=\"http:\/\/www.w3.org\/2000\/svg\"><path d=\"M13.834 4.85a3.565 3.565 0 0 1-.884-2.35h-2.575v10.333a2.16 2.16 0 0 1-2.158 2.084A2.173 2.173 0 0 1 6.05 12.75a2.163 2.163 0 0 1 2.808-2.067V8.05c-2.875-.383-5.391 1.85-5.391 4.7 0 2.775 2.3 4.75 4.741 4.75a4.746 4.746 0 0 0 4.742-4.75V7.508a6.125 6.125 0 0 0 3.584 1.15V6.083s-1.567.075-2.7-1.233Z\" fill=\"#fff\"\/><\/svg>\r\n                                    <\/a>\r\n                                <\/div>\r\n                            <\/div>\r\n                        <\/div>\r\n                    <\/div>\r\n                <\/div>\r\n            <\/div>\r\n            <div class=\"col-xl-3 col-xxl-4\">\r\n                <img loading=\"lazy\" decoding=\"async\" width=\"480\" height=\"1108\" class=\"img-fluid d-block mx-auto\" src=\"\/wp-content\/themes\/brawix\/assets\/images\/src\/brawix-instruments.png\" alt=\"Brawix Instruments\" title=\"Brawix Instruments\">   \r\n            <\/div>\r\n        <\/div>\r\n    <\/div>\r\n<\/section>","protected":false},"excerpt":{"rendered":"PROFESJONALNENARZ\u0118DZIA DOPRACY Z FOLIAMI PROFESJONALNE NARZ\u0118DZIA DO PRACY Z FOLIAMI Narz\u0119dzia do pracy z foliami samochodowymi: co jest potrzebne do profesjonalnej aplikacji? Aby uzyska\u0107 najwy\u017csz\u0105 jako\u015b\u0107 podczas aplikacji folii samochodowych, nale\u017cy u\u017cywa\u0107 specjalistycznych narz\u0119dzi, kt\u00f3re znacznie u\u0142atwiaj\u0105 proces, skracaj\u0105 czas pracy i pomagaj\u0105 osi\u0105gn\u0105\u0107 idealny rezultat. &#8211; Rakle (skrobaki, wyciskacze, chizlery, slamery itp.) Rakle to [&hellip;]","protected":false},"author":1,"featured_media":324,"parent":0,"menu_order":0,"comment_status":"closed","ping_status":"closed","template":"page.php","meta":{"_acf_changed":false,"footnotes":""},"class_list":["post-173","page","type-page","status-publish","has-post-thumbnail","hentry"],"acf":[],"yoast_head":"<!-- This site is optimized with the Yoast SEO plugin v25.5 - https:\/\/yoast.com\/wordpress\/plugins\/seo\/ -->\n<title>BRAWIX \u2014 Profesjonalne narz\u0119dzia do pracy z foliami samochodowymi<\/title>\n<meta name=\"description\" content=\"Profesjonalne narz\u0119dzia BRAWIX do aplikacji folii samochodowych \u2b50 Rakle, no\u017ce, spryskiwacze i inne akcesoria dla idealnego efektu \u2705 Sprawd\u017a i zam\u00f3w!\" \/>\n<meta name=\"robots\" content=\"index, follow, max-snippet:-1, max-image-preview:large, max-video-preview:-1\" \/>\n<link rel=\"canonical\" href=\"https:\/\/brawix.com\/pl\/tools\/\" \/>\n<meta property=\"og:locale\" content=\"pl_PL\" \/>\n<meta property=\"og:type\" content=\"article\" \/>\n<meta property=\"og:title\" content=\"BRAWIX \u2014 Profesjonalne narz\u0119dzia do pracy z foliami samochodowymi\" \/>\n<meta property=\"og:description\" content=\"Profesjonalne narz\u0119dzia BRAWIX do aplikacji folii samochodowych \u2b50 Rakle, no\u017ce, spryskiwacze i inne akcesoria dla idealnego efektu \u2705 Sprawd\u017a i zam\u00f3w!\" \/>\n<meta property=\"og:url\" content=\"https:\/\/brawix.com\/pl\/tools\/\" \/>\n<meta property=\"og:site_name\" content=\"Brawix\" \/>\n<meta property=\"article:publisher\" content=\"https:\/\/www.facebook.com\/p\/Brawix-Films-100064348231323\/\" \/>\n<meta property=\"article:modified_time\" content=\"2026-02-13T14:14:31+00:00\" \/>\n<meta property=\"og:image\" content=\"https:\/\/brawix.com\/wp-content\/uploads\/2025\/05\/tools.jpg\" \/>\n\t<meta property=\"og:image:width\" content=\"480\" \/>\n\t<meta property=\"og:image:height\" content=\"246\" \/>\n\t<meta property=\"og:image:type\" content=\"image\/jpeg\" \/>\n<meta name=\"twitter:card\" content=\"summary_large_image\" \/>\n<meta name=\"twitter:label1\" content=\"Est. reading time\" \/>\n\t<meta name=\"twitter:data1\" content=\"2 minuty\" \/>\n<script type=\"application\/ld+json\" class=\"yoast-schema-graph\">{\"@context\":\"https:\/\/schema.org\",\"@graph\":[{\"@type\":\"WebPage\",\"@id\":\"https:\/\/brawix.com\/pl\/tools\/\",\"url\":\"https:\/\/brawix.com\/pl\/tools\/\",\"name\":\"BRAWIX \u2014 Profesjonalne narz\u0119dzia do pracy z foliami samochodowymi\",\"isPartOf\":{\"@id\":\"https:\/\/brawix.com\/pl\/#website\"},\"primaryImageOfPage\":{\"@id\":\"https:\/\/brawix.com\/pl\/tools\/#primaryimage\"},\"image\":{\"@id\":\"https:\/\/brawix.com\/tools\/#primaryimage\"},\"thumbnailUrl\":\"https:\/\/brawix.com\/wp-content\/uploads\/2025\/05\/tools.jpg\",\"datePublished\":\"2025-04-22T14:52:43+00:00\",\"dateModified\":\"2026-02-13T14:14:31+00:00\",\"description\":\"Profesjonalne narz\u0119dzia BRAWIX do aplikacji folii samochodowych \u2b50 Rakle, no\u017ce, spryskiwacze i inne akcesoria dla idealnego efektu \u2705 Sprawd\u017a i zam\u00f3w!\",\"breadcrumb\":{\"@id\":\"https:\/\/brawix.com\/pl\/tools\/#breadcrumb\"},\"inLanguage\":\"pl-PL\",\"potentialAction\":[{\"@type\":\"ReadAction\",\"target\":[[\"https:\/\/brawix.com\/pl\/tools\/\"]]}]},{\"@type\":\"ImageObject\",\"inLanguage\":\"pl-PL\",\"@id\":\"https:\/\/brawix.com\/pl\/tools\/#primaryimage\",\"url\":\"https:\/\/brawix.com\/wp-content\/uploads\/2025\/05\/tools.jpg\",\"contentUrl\":\"https:\/\/brawix.com\/wp-content\/uploads\/2025\/05\/tools.jpg\",\"width\":480,\"height\":246,\"caption\":\"tools\"},{\"@type\":\"BreadcrumbList\",\"@id\":\"https:\/\/brawix.com\/pl\/tools\/#breadcrumb\",\"itemListElement\":[{\"@type\":\"ListItem\",\"position\":1,\"name\":\"\u0413\u043e\u043b\u043e\u0432\u043d\u0430\",\"item\":\"https:\/\/brawix.com\/pl\/\"},{\"@type\":\"ListItem\",\"position\":2,\"name\":\"BRAWIX \u2013 Professional tools for working with automotive films\"}]},{\"@type\":\"WebSite\",\"@id\":\"https:\/\/brawix.com\/pl\/#website\",\"url\":\"https:\/\/brawix.com\/pl\/\",\"name\":\"Brawix\",\"description\":\"\",\"publisher\":{\"@id\":\"https:\/\/brawix.com\/pl\/#organization\"},\"potentialAction\":[{\"@type\":\"SearchAction\",\"target\":{\"@type\":\"EntryPoint\",\"urlTemplate\":\"https:\/\/brawix.com\/pl\/?s={search_term_string}\"},\"query-input\":{\"@type\":\"PropertyValueSpecification\",\"valueRequired\":true,\"valueName\":\"search_term_string\"}}],\"inLanguage\":\"pl-PL\"},{\"@type\":\"Organization\",\"@id\":\"https:\/\/brawix.com\/pl\/#organization\",\"name\":\"Brawix\",\"url\":\"https:\/\/brawix.com\/pl\/\",\"logo\":{\"@type\":\"ImageObject\",\"inLanguage\":\"pl-PL\",\"@id\":\"https:\/\/brawix.com\/pl\/#\/schema\/logo\/image\/\",\"url\":\"https:\/\/brawix.com\/wp-content\/uploads\/2025\/04\/brawix-logo-1.jpg\",\"contentUrl\":\"https:\/\/brawix.com\/wp-content\/uploads\/2025\/04\/brawix-logo-1.jpg\",\"width\":900,\"height\":900,\"caption\":\"Brawix\"},\"image\":{\"@id\":\"https:\/\/brawix.com\/pl\/#\/schema\/logo\/image\/\"},\"sameAs\":[\"https:\/\/www.facebook.com\/p\/Brawix-Films-100064348231323\/\"]}]}<\/script>\n<!-- \/ Yoast SEO plugin. -->","yoast_head_json":{"title":"BRAWIX \u2014 Profesjonalne narz\u0119dzia do pracy z foliami samochodowymi","description":"Profesjonalne narz\u0119dzia BRAWIX do aplikacji folii samochodowych \u2b50 Rakle, no\u017ce, spryskiwacze i inne akcesoria dla idealnego efektu \u2705 Sprawd\u017a i zam\u00f3w!","robots":{"index":"index","follow":"follow","max-snippet":"max-snippet:-1","max-image-preview":"max-image-preview:large","max-video-preview":"max-video-preview:-1"},"canonical":"https:\/\/brawix.com\/pl\/tools\/","og_locale":"pl_PL","og_type":"article","og_title":"BRAWIX \u2014 Profesjonalne narz\u0119dzia do pracy z foliami samochodowymi","og_description":"Profesjonalne narz\u0119dzia BRAWIX do aplikacji folii samochodowych \u2b50 Rakle, no\u017ce, spryskiwacze i inne akcesoria dla idealnego efektu \u2705 Sprawd\u017a i zam\u00f3w!","og_url":"https:\/\/brawix.com\/pl\/tools\/","og_site_name":"Brawix","article_publisher":"https:\/\/www.facebook.com\/p\/Brawix-Films-100064348231323\/","article_modified_time":"2026-02-13T14:14:31+00:00","og_image":[{"width":480,"height":246,"url":"https:\/\/brawix.com\/wp-content\/uploads\/2025\/05\/tools.jpg","type":"image\/jpeg"}],"twitter_card":"summary_large_image","twitter_misc":{"Est. reading time":"2 minuty"},"schema":{"@context":"https:\/\/schema.org","@graph":[{"@type":"WebPage","@id":"https:\/\/brawix.com\/pl\/tools\/","url":"https:\/\/brawix.com\/pl\/tools\/","name":"BRAWIX \u2014 Profesjonalne narz\u0119dzia do pracy z foliami samochodowymi","isPartOf":{"@id":"https:\/\/brawix.com\/pl\/#website"},"primaryImageOfPage":{"@id":"https:\/\/brawix.com\/pl\/tools\/#primaryimage"},"image":{"@id":"https:\/\/brawix.com\/tools\/#primaryimage"},"thumbnailUrl":"https:\/\/brawix.com\/wp-content\/uploads\/2025\/05\/tools.jpg","datePublished":"2025-04-22T14:52:43+00:00","dateModified":"2026-02-13T14:14:31+00:00","description":"Profesjonalne narz\u0119dzia BRAWIX do aplikacji folii samochodowych \u2b50 Rakle, no\u017ce, spryskiwacze i inne akcesoria dla idealnego efektu \u2705 Sprawd\u017a i zam\u00f3w!","breadcrumb":{"@id":"https:\/\/brawix.com\/pl\/tools\/#breadcrumb"},"inLanguage":"pl-PL","potentialAction":[{"@type":"ReadAction","target":[["https:\/\/brawix.com\/pl\/tools\/"]]}]},{"@type":"ImageObject","inLanguage":"pl-PL","@id":"https:\/\/brawix.com\/pl\/tools\/#primaryimage","url":"https:\/\/brawix.com\/wp-content\/uploads\/2025\/05\/tools.jpg","contentUrl":"https:\/\/brawix.com\/wp-content\/uploads\/2025\/05\/tools.jpg","width":480,"height":246,"caption":"tools"},{"@type":"BreadcrumbList","@id":"https:\/\/brawix.com\/pl\/tools\/#breadcrumb","itemListElement":[{"@type":"ListItem","position":1,"name":"\u0413\u043e\u043b\u043e\u0432\u043d\u0430","item":"https:\/\/brawix.com\/pl\/"},{"@type":"ListItem","position":2,"name":"BRAWIX \u2013 Professional tools for working with automotive films"}]},{"@type":"WebSite","@id":"https:\/\/brawix.com\/pl\/#website","url":"https:\/\/brawix.com\/pl\/","name":"Brawix","description":"","publisher":{"@id":"https:\/\/brawix.com\/pl\/#organization"},"potentialAction":[{"@type":"SearchAction","target":{"@type":"EntryPoint","urlTemplate":"https:\/\/brawix.com\/pl\/?s={search_term_string}"},"query-input":{"@type":"PropertyValueSpecification","valueRequired":true,"valueName":"search_term_string"}}],"inLanguage":"pl-PL"},{"@type":"Organization","@id":"https:\/\/brawix.com\/pl\/#organization","name":"Brawix","url":"https:\/\/brawix.com\/pl\/","logo":{"@type":"ImageObject","inLanguage":"pl-PL","@id":"https:\/\/brawix.com\/pl\/#\/schema\/logo\/image\/","url":"https:\/\/brawix.com\/wp-content\/uploads\/2025\/04\/brawix-logo-1.jpg","contentUrl":"https:\/\/brawix.com\/wp-content\/uploads\/2025\/04\/brawix-logo-1.jpg","width":900,"height":900,"caption":"Brawix"},"image":{"@id":"https:\/\/brawix.com\/pl\/#\/schema\/logo\/image\/"},"sameAs":["https:\/\/www.facebook.com\/p\/Brawix-Films-100064348231323\/"]}]}},"_links":{"self":[{"href":"https:\/\/brawix.com\/pl\/wp-json\/wp\/v2\/pages\/173","targetHints":{"allow":["GET"]}}],"collection":[{"href":"https:\/\/brawix.com\/pl\/wp-json\/wp\/v2\/pages"}],"about":[{"href":"https:\/\/brawix.com\/pl\/wp-json\/wp\/v2\/types\/page"}],"author":[{"embeddable":true,"href":"https:\/\/brawix.com\/pl\/wp-json\/wp\/v2\/users\/1"}],"replies":[{"embeddable":true,"href":"https:\/\/brawix.com\/pl\/wp-json\/wp\/v2\/comments?post=173"}],"version-history":[{"count":9,"href":"https:\/\/brawix.com\/pl\/wp-json\/wp\/v2\/pages\/173\/revisions"}],"predecessor-version":[{"id":2185,"href":"https:\/\/brawix.com\/pl\/wp-json\/wp\/v2\/pages\/173\/revisions\/2185"}],"wp:featuredmedia":[{"embeddable":true,"href":"https:\/\/brawix.com\/pl\/wp-json\/wp\/v2\/media\/324"}],"wp:attachment":[{"href":"https:\/\/brawix.com\/pl\/wp-json\/wp\/v2\/media?parent=173"}],"curies":[{"name":"wp","href":"https:\/\/api.w.org\/{rel}","templated":true}]}}