{"id":186,"date":"2025-04-24T12:43:31","date_gmt":"2025-04-24T09:43:31","guid":{"rendered":"http:\/\/wp-brawix.test\/?page_id=186"},"modified":"2026-02-13T15:58:42","modified_gmt":"2026-02-13T13:58:42","slug":"color-ppf","status":"publish","type":"page","link":"https:\/\/brawix.com\/pl\/color-ppf\/","title":{"rendered":"BRAWIX \u2014 Kolorowa folia ochronna PPF | Ochrona i styl"},"content":{"rendered":"<div class=\"bg-secondary-light\">\r\n    <div class=\"first-screen-banner w-100\">\r\n        <div class=\"banner-block d-flex flex-column justify-content-end\">\r\n            <div class=\"banner-item position-relative\">\r\n                <div class=\"position-absolute w-100 end-0 translate-middle-y\" style=\"top: 35%;\">\r\n                    <div class=\"container-fluid\">\r\n                        <div class=\"row justify-content-end align-items-center\">\r\n                            <div class=\"col-xl-8\">\r\n                                <div class=\"banner-caption position-relative text-start text-md-end py-0 bottom-0 start-0 end-0\">\r\n                                <h1 class=\"text-white banner mb-3\">\r\n<div class=\"d-none d-md-block\">\r\n<span>Kolorowa folia PPF (ochronna)<\/span><span class=\"d-flex align-items-end justify-content-start justify-content-md-end gap-3 gap-sm-4\"><span class=\"border border-white rounded-3 d-flex p-2 fw-medium text-white fs-6 mb-1 more-variants\">ponad 150 wariant\u00f3w<\/span><span class=\"title-orange\">BRAWIX COLOR PPF<\/span><\/span>\r\n<\/div>\r\n<div class=\"d-block d-md-none\">\r\n<span class=\"d-block\">Kolorowa folia PPF (ochronna)<\/span><span class=\"border border-white rounded-3 d-inline-flex p-2 fw-medium text-white fs-6 my-1 more-variants\">ponad 150 wariant\u00f3w<\/span><\/span><span class=\"title-orange d-block\">BRAWIX COLOR PPF<\/span>\r\n<\/div>\r\n<\/h1>\r\n                                <\/div>\r\n                            <\/div>\r\n                        <\/div>\r\n                    <\/div>\r\n                <\/div>\r\n                <div class=\"position-absolute w-100 left-0 banner-list-block\">\r\n                    <div class=\"container-fluid\">\r\n                        <div class=\"row justify-content-start align-items-end\">\r\n                            <div class=\"col-xl-6 col-xxl-5\">\r\n                                <ul class=\"banner-list list-unstyled px-sm-5 px-md-0\">\r\n                                    <li class=\"mb-3 px-4 px-md-3 py-2 rounded fw-medium\">\r\n                                        <span class=\"text-white d-flex gap-3 align-items-center\"><span>\u2022<\/span>Folia poliuretanowa o grubo\u015bci 190\u202f\u00b5m<\/span>\r\n                                    <\/li>\r\n                                    <li class=\"mb-3 px-4 px-md-3 py-2 rounded fw-medium\">\r\n                                        <span class=\"text-white d-flex gap-3 align-items-center\"><span>\u2022<\/span>Samoregeneracja drobnych zarysowa\u0144<\/span>\r\n                                    <\/li>\r\n                                    <li class=\"mb-3 px-4 px-md-3 py-2 rounded fw-medium\">\r\n                                        <span class=\"text-white d-flex gap-3 align-items-center\"><span>\u2022<\/span>G\u0142\u0119boki, nasycony kolor<\/span>\r\n                                    <\/li>\r\n                                    <li class=\"mb-3 px-4 px-md-3 py-2 rounded fw-medium\">\r\n                                        <span class=\"text-white d-flex gap-3 align-items-center\"><span>\u2022<\/span>Efekt hydrofobowy<\/span>\r\n                                    <\/li>\r\n                                    <li class=\"mb-3 px-4 px-md-3 py-2 rounded fw-medium\">\r\n                                        <span class=\"text-white d-flex gap-3 align-items-center\"><span>\u2022<\/span>\u0141atwo\u015b\u0107 monta\u017cu<\/span>                                       \r\n                                    <\/li>\r\n                                    <li class=\"mb-3 px-4 px-md-3 py-2 rounded fw-medium\">\r\n                                        <span class=\"text-white d-flex gap-3 align-items-center\"><span>\u2022<\/span>Format rolki: 1,52 \u00d7 17 m<\/span>                                       \r\n                                    <\/li>\r\n                                <\/ul>\r\n                            <\/div>\r\n                        <\/div>\r\n                    <\/div>\r\n                <\/div>\r\n            <\/div>        \r\n        <\/div>\r\n    <\/div>\r\n<\/div>\r\n<section class=\"py-5 overflow-y-hidden position-relative\" style=\"background: linear-gradient(90deg, #212121 0%, #303030 100%);\">\r\n    <div class=\"container-fluid my-4\">\r\n        <div class=\"row\">\r\n            <div class=\"col-md-7 col-xl-8\">\r\n                <h2 class=\"h1 banner text-uppercase mb-4\">Ochrona kolorow\u0105 foli\u0105 poliuretanow\u0105<\/h2>\r\n                <p class=\"mb-4\">Zarysowania, odpryski i zabrudzenia to nieod\u0142\u0105czne skutki eksploatacji samochodu. Szczeg\u00f3lnie w warunkach miejskich ryzyko drobnych uszkodze\u0144 znacz\u0105co wzrasta, co podkre\u015bla, jak wa\u017cna jest ochrona karoserii.<\/p>\r\n                <p class=\"mb-4\"><span class=\"fw-bold title-orange\">BRAWIX Color PPF<\/span> to folia, kt\u00f3ra jednocze\u015bnie chroni karoseri\u0119 i nadaje samochodowi niepowtarzalny styl. To unikalne po\u0142\u0105czenie szerokiej gamy kolor\u00f3w, najlepszych w\u0142a\u015bciwo\u015bci ochronnych oraz przyst\u0119pnej ceny.<\/p>\r\n                <p class=\"mb-4\">Kolorowa folia poliuretanowa od BRAWIX to bezkompromisowy wyb\u00f3r dla stylizacji i ochrony Twojego samochodu. Od teraz nie musisz ju\u017c decydowa\u0107, co wybra\u0107: efektown\u0105, lecz nietrwa\u0142\u0105 foli\u0119 winylow\u0105 czy wytrzyma\u0142\u0105, odporn\u0105 na zu\u017cycie foli\u0119 poliuretanow\u0105. <span class=\"fw-bold title-orange\">BRAWIX Color PPF<\/span> \u0142\u0105czy obie te zalety w jednym produkcie!<\/p>\r\n                <p class=\"mb-0\">Najpopularniejsze i najbardziej po\u017c\u0105dane kolory \u2013 m.in. Nardo Grey, Tiffany Blue czy Ferrari Red \u2013 oraz wiele innych (\u0142\u0105cznie a\u017c 174 wariant\u00f3w) stanowi\u0105 idealny wyb\u00f3r dla Ciebie!<\/p>\r\n            <\/div>\r\n            <div class=\"col-md-5 col-xl-4 d-none d-md-block\">\r\n                <img loading=\"lazy\" decoding=\"async\" width=\"629\" height=\"892\" class=\"img-fluid position-absolute end-0 brawix-color-examples\" src=\"\/wp-content\/themes\/brawix\/assets\/images\/src\/color-ppf\/color-ppf.png\" alt=\"Brawix Color PPF Background\" title=\"Brawix Color PPF Background\">\r\n            <\/div>\r\n        <\/div>\r\n    <\/div>\r\n<\/section>\r\n<section class=\"py-5 bg-secondary-light\">\r\n    <div class=\"container-fluid my-4 pb-5\">\r\n<h2 class=\"title-orange banner text-black-shadow text-uppercase text-center mb-4 mb-md-5\">Wasze kolorowe realizacje<\/h2>\r\n        <div id=\"ajax-load-more-4\" class=\"ajax-load-more-wrap grey\"  data-alm-id=\"\" data-canonical-url=\"https:\/\/brawix.com\/pl\/color-ppf\/\" data-slug=\"color-ppf\" data-post-id=\"186\"  data-localized=\"ajax_load_more_4_vars\" data-alm-object=\"ajax_load_more_4\"><div aria-live=\"polite\" aria-atomic=\"true\" class=\"alm-listing alm-ajax row\" data-container-type=\"div\" data-loading-style=\"grey\" data-repeater=\"card-template\" data-post-type=\"post\" data-post-status=\"publish\" data-order=\"ASC\" data-orderby=\"title\" data-offset=\"0\" data-posts-per-page=\"12\" data-lang=\"pl\" data-scroll=\"false\" data-button-label=\"Poka\u017c wi\u0119cej\" data-prev-button-label=\"Load Previous\" data-images-loaded=\"true\"><\/div><div class=\"alm-btn-wrap\" data-rel=\"ajax-load-more-4\"><button class=\"alm-load-more-btn more \" type=\"button\">Poka\u017c wi\u0119cej<\/button><\/div><\/div> \r\n            <div class=\"col-12\">\r\n                <h2 class=\"h4 text-uppercase text-black mb-4\">Zalety folii BRAWIX Color PPF<\/h2>\r\n                <p class=\"mb-4\"><b>1. Ochrona przed zarysowaniami i odpryskami.<\/b> Kolorowa folia poliuretanowa niezawodnie chroni lakier i karoseri\u0119 przed rysami, odpryskami oraz drobnymi uszkodzeniami. Jej elastyczna struktura poch\u0142ania i rozprasza si\u0142\u0119 uderze\u0144, zmniejszaj\u0105c ryzyko powstania uszkodze\u0144 powierzchni lakierniczej i samej karoserii. Ma to szczeg\u00f3lne znaczenie w warunkach miejskich, gdzie karoseria pojazdu jest nieustannie nara\u017cona na drobne uszkodzenia mechaniczne.<\/p>\r\n                <p class=\"mb-4\"><b>2. Odporno\u015b\u0107 na promieniowanie UV.<\/b> Jedn\u0105 z kluczowych zalet folii poliuretanowej jest jej wysoka odporno\u015b\u0107 na promieniowanie ultrafioletowe. Folia zapobiega blakni\u0119ciu lakieru pod wp\u0142ywem s\u0142o\u0144ca, zachowuj\u0105c oryginalny kolor i po\u0142ysk pojazdu. Dzi\u0119ki temu samoch\u00f3d utrzymuje atrakcyjny wygl\u0105d przez d\u0142ugie lata.<\/p>\r\n                <p class=\"mb-4\"><b>3. Mo\u017cliwo\u015b\u0107 zmiany koloru pojazdu.<\/b> Kolorowa folia poliuretanowa BRAWIX pozwala radykalnie zmieni\u0107 wygl\u0105d samochodu bez konieczno\u015bci ponownego lakierowania. Umo\u017cliwia w\u0142a\u015bcicielom eksperymentowanie z barw\u0105 i stylem, czyni\u0105c auto unikalnym i podkre\u015blaj\u0105c jego indywidualny charakter. Szeroki wyb\u00f3r kolor\u00f3w daje jej przewag\u0119 nad standardowymi bezbarwnymi foliami ochronnymi.<\/p>\r\n                <p class=\"mb-4\"><b>4. Trwa\u0142o\u015b\u0107 i odporno\u015b\u0107 na zu\u017cycie.<\/b> BRAWIX Color PPF cechuje si\u0119 wysok\u0105 odporno\u015bci\u0105 na zu\u017cycie, co przek\u0142ada si\u0119 na wyj\u0105tkow\u0105 trwa\u0142o\u015b\u0107 pow\u0142oki. Folia jest odporna na dzia\u0142anie chemikali\u00f3w, soli drogowej oraz innych agresywnych czynnik\u00f3w, dzi\u0119ki czemu stanowi idealn\u0105 ochron\u0119 karoserii w ka\u017cdych warunkach.<\/p>\r\n                <p class=\"mb-0\"><b>5.\u0141atwa piel\u0119gnacja.<\/b> Folia \u0142atwo si\u0119 czy\u015bci i nie wymaga specjalnej piel\u0119gnacji. To znacznie upraszcza utrzymanie samochodu w czysto\u015bci i blasku, oszcz\u0119dzaj\u0105c czas i wysi\u0142ek w\u0142a\u015bciciela.<\/p>\r\n            <\/div>\r\n        <\/div>\r\n    <\/div>\r\n<\/section>\r\n<section class=\"py-5 bg-primary2F position-relative\">\r\n    <img decoding=\"async\" class=\"brawix-tape brawix-tape-single img-fluid w-100 position-absolute start-0\" src=\"\/wp-content\/themes\/brawix\/assets\/images\/src\/brawix-tape-single.svg\" alt=\"Brawix tape\" title=\"Brawix tape\">\r\n    <div class=\"container-fluid py-4\">\r\n        <div class=\"row\">\r\n            <div class=\"col-md-6 d-block d-md-none\">\r\n                <img loading=\"lazy\" decoding=\"async\" width=\"718\" height=\"284\" class=\"img-fluid brawix-color-car\" src=\"\/wp-content\/themes\/brawix\/assets\/images\/src\/color-ppf\/brawix-color-car.png\" alt=\"Brawix Color Car Mobile\" title=\"Brawix Color Car Mobile\">   \r\n            <\/div>\r\n            <div class=\"col-md-6\">\r\n                <h2 class=\"text-uppercase banner title-orange mb-2\">Chcesz otrzyma\u0107 katalog?<\/h2>\r\n                <p class=\"mb-4 text-uppercase text-white small-text\">Skontaktuj si\u0119 z nami w dogodny dla Ciebie spos\u00f3b.<\/p>\r\n                <a href=\"tel:+48573569190\" class=\"btn btn-primary d-inline-flex px-3 gap-3 align-items-center\">\r\n                    <svg class=\"overflow-visible\" xmlns=\"http:\/\/www.w3.org\/2000\/svg\" height=\"20px\"\r\n                    viewBox=\"0 -960 960 960\" width=\"20px\" fill=\"#fff\">\r\n                    <path\r\n                        d=\"M798-120q-125 0-247-54.5T329-329Q229-429 174.5-551T120-798q0-18 12-30t30-12h162q14 0 25 9.5t13 22.5l26 140q2 16-1 27t-11 19l-97 98q20 37 47.5 71.5T387-386q31 31 65 57.5t72 48.5l94-94q9-9 23.5-13.5T670-390l138 28q14 4 23 14.5t9 23.5v162q0 18-12 30t-30 12ZM241-600l66-66-17-94h-89q5 41 14 81t26 79Zm358 358q39 17 79.5 27t81.5 13v-88l-94-19-67 67ZM241-600Zm358 358Z\" \/>\r\n                    <\/svg>\r\n                    Zadzwo\u0144\r\n                <\/a>\r\n            <\/div>\r\n            <div class=\"col-md-6 d-none d-md-block\">\r\n                <img loading=\"lazy\" decoding=\"async\" width=\"718\" height=\"284\" class=\"brawix-color-car img-fluid position-absolute\" src=\"\/wp-content\/themes\/brawix\/assets\/images\/src\/color-ppf\/brawix-color-car.png\" alt=\"Brawix Color Car\" title=\"Brawix Color Car\">   \r\n            <\/div>\r\n        <\/div>\r\n    <\/div>\r\n<\/section>\r\n<section class=\"bg-secondary-light pt-4 py-lg-5 overflow-y-hidden position-relative\">\r\n    <div class=\"container mt-4 pt-4 my-lg-4 py-lg-5\">\r\n        <div class=\"row\">\r\n            <div class=\"col-lg-9\">\r\n                <h2 class=\"h1 banner text-black text-uppercase mb-3 mb-lg-2 text-center text-lg-start\">Obserwuj nas na Instagramie<\/h2>\r\n                <p class=\"mb-0 fw-medium text-center text-lg-start\">Obserwuj nas i b\u0105d\u017a na bie\u017c\u0105co ze wszystkimi nowo\u015bciami i wydarzeniami.<\/p>\r\n                <div class=\"mt-4 d-flex flex-column flex-lg-row gap-3 align-items-center\">\r\n                    <a href=\"https:\/\/www.instagram.com\/brawix_color\/\" class=\"btn btn-primary d-block \">\r\n                        Obserwuj\r\n                    <\/a>\r\n                    \r\n                <\/div>\r\n            <\/div>\r\n            <div class=\"col-lg-3 d-none d-lg-block\">\r\n                <img loading=\"lazy\" decoding=\"async\" width=\"417\" height=\"381\" class=\"img-fluid position-absolute end-0 bottom-0\" src=\"\/wp-content\/themes\/brawix\/assets\/images\/src\/color-ppf\/brawix-instagram-phone.png\" alt=\"Brawix Instagram Desktop\" title=\"Brawix Instagram Desktop\">\r\n            <\/div>\r\n        <\/div>\r\n    <\/div>\r\n    <img loading=\"lazy\" decoding=\"async\" width=\"417\" height=\"381\" class=\"mt-4 img-fluid d-block d-lg-none ms-auto\" src=\"\/wp-content\/themes\/brawix\/assets\/images\/src\/color-ppf\/brawix-instagram-phone.png\" alt=\"Brawix Instagram Mobile\" title=\"Brawix Instagram Mobile\">\r\n<\/section>","protected":false},"excerpt":{"rendered":"Kolorowa folia PPF (ochronna)ponad 150 wariant\u00f3wBRAWIX COLOR PPF Kolorowa folia PPF (ochronna)ponad 150 wariant\u00f3wBRAWIX COLOR PPF \u2022Folia poliuretanowa o grubo\u015bci 190\u202f\u00b5m \u2022Samoregeneracja drobnych zarysowa\u0144 \u2022G\u0142\u0119boki, nasycony kolor \u2022Efekt hydrofobowy \u2022\u0141atwo\u015b\u0107 monta\u017cu \u2022Format rolki: 1,52 \u00d7 17 m Ochrona kolorow\u0105 foli\u0105 poliuretanow\u0105 Zarysowania, odpryski i zabrudzenia to nieod\u0142\u0105czne skutki eksploatacji samochodu. Szczeg\u00f3lnie w warunkach miejskich ryzyko [&hellip;]","protected":false},"author":1,"featured_media":325,"parent":0,"menu_order":0,"comment_status":"closed","ping_status":"closed","template":"page.php","meta":{"_acf_changed":false,"footnotes":""},"class_list":["post-186","page","type-page","status-publish","has-post-thumbnail","hentry"],"acf":[],"yoast_head":"<!-- This site is optimized with the Yoast SEO plugin v25.5 - https:\/\/yoast.com\/wordpress\/plugins\/seo\/ -->\n<title>BRAWIX \u2014 Kolorowa folia ochronna PPF | Ochrona i styl<\/title>\n<meta name=\"description\" content=\"Kolorowe folie ochronne BRAWIX PPF \u2b50 Ochrona karoserii i stylowy wygl\u0105d \u2705 Popularne kolory: Nardo Grey, Tiffany Blue, Ferrari Red i inne \u27a5 Wybierz sw\u00f3j odcie\u0144!\" \/>\n<meta name=\"robots\" content=\"index, follow, max-snippet:-1, max-image-preview:large, max-video-preview:-1\" \/>\n<link rel=\"canonical\" href=\"https:\/\/brawix.com\/pl\/color-ppf\/\" \/>\n<meta property=\"og:locale\" content=\"pl_PL\" \/>\n<meta property=\"og:type\" content=\"article\" \/>\n<meta property=\"og:title\" content=\"BRAWIX \u2014 Kolorowa folia ochronna PPF | Ochrona i styl\" \/>\n<meta property=\"og:description\" content=\"Kolorowe folie ochronne BRAWIX PPF \u2b50 Ochrona karoserii i stylowy wygl\u0105d \u2705 Popularne kolory: Nardo Grey, Tiffany Blue, Ferrari Red i inne \u27a5 Wybierz sw\u00f3j odcie\u0144!\" \/>\n<meta property=\"og:url\" content=\"https:\/\/brawix.com\/pl\/color-ppf\/\" \/>\n<meta property=\"og:site_name\" content=\"Brawix\" \/>\n<meta property=\"article:publisher\" content=\"https:\/\/www.facebook.com\/p\/Brawix-Films-100064348231323\/\" \/>\n<meta property=\"article:modified_time\" content=\"2026-02-13T13:58:42+00:00\" \/>\n<meta property=\"og:image\" content=\"https:\/\/brawix.com\/wp-content\/uploads\/2025\/05\/color-ppf.png\" \/>\n\t<meta property=\"og:image:width\" content=\"718\" \/>\n\t<meta property=\"og:image:height\" content=\"284\" \/>\n\t<meta property=\"og:image:type\" content=\"image\/png\" \/>\n<meta name=\"twitter:card\" content=\"summary_large_image\" \/>\n<meta name=\"twitter:label1\" content=\"Est. reading time\" \/>\n\t<meta name=\"twitter:data1\" content=\"4 minuty\" \/>\n<script type=\"application\/ld+json\" class=\"yoast-schema-graph\">{\"@context\":\"https:\/\/schema.org\",\"@graph\":[{\"@type\":\"WebPage\",\"@id\":\"https:\/\/brawix.com\/pl\/color-ppf\/\",\"url\":\"https:\/\/brawix.com\/pl\/color-ppf\/\",\"name\":\"BRAWIX \u2014 Kolorowa folia ochronna PPF | Ochrona i styl\",\"isPartOf\":{\"@id\":\"https:\/\/brawix.com\/pl\/#website\"},\"primaryImageOfPage\":{\"@id\":\"https:\/\/brawix.com\/pl\/color-ppf\/#primaryimage\"},\"image\":{\"@id\":\"https:\/\/brawix.com\/color-ppf\/#primaryimage\"},\"thumbnailUrl\":\"https:\/\/brawix.com\/wp-content\/uploads\/2025\/05\/color-ppf.png\",\"datePublished\":\"2025-04-24T09:43:31+00:00\",\"dateModified\":\"2026-02-13T13:58:42+00:00\",\"description\":\"Kolorowe folie ochronne BRAWIX PPF \u2b50 Ochrona karoserii i stylowy wygl\u0105d \u2705 Popularne kolory: Nardo Grey, Tiffany Blue, Ferrari Red i inne \u27a5 Wybierz sw\u00f3j odcie\u0144!\",\"breadcrumb\":{\"@id\":\"https:\/\/brawix.com\/pl\/color-ppf\/#breadcrumb\"},\"inLanguage\":\"pl-PL\",\"potentialAction\":[{\"@type\":\"ReadAction\",\"target\":[[\"https:\/\/brawix.com\/pl\/color-ppf\/\"]]}]},{\"@type\":\"ImageObject\",\"inLanguage\":\"pl-PL\",\"@id\":\"https:\/\/brawix.com\/pl\/color-ppf\/#primaryimage\",\"url\":\"https:\/\/brawix.com\/wp-content\/uploads\/2025\/05\/color-ppf.png\",\"contentUrl\":\"https:\/\/brawix.com\/wp-content\/uploads\/2025\/05\/color-ppf.png\",\"width\":718,\"height\":284,\"caption\":\"color-ppf\"},{\"@type\":\"BreadcrumbList\",\"@id\":\"https:\/\/brawix.com\/pl\/color-ppf\/#breadcrumb\",\"itemListElement\":[{\"@type\":\"ListItem\",\"position\":1,\"name\":\"\u0413\u043e\u043b\u043e\u0432\u043d\u0430\",\"item\":\"https:\/\/brawix.com\/pl\/\"},{\"@type\":\"ListItem\",\"position\":2,\"name\":\"BRAWIX \u2013 Coloured paint protection film | Protection and style\"}]},{\"@type\":\"WebSite\",\"@id\":\"https:\/\/brawix.com\/pl\/#website\",\"url\":\"https:\/\/brawix.com\/pl\/\",\"name\":\"Brawix\",\"description\":\"\",\"publisher\":{\"@id\":\"https:\/\/brawix.com\/pl\/#organization\"},\"potentialAction\":[{\"@type\":\"SearchAction\",\"target\":{\"@type\":\"EntryPoint\",\"urlTemplate\":\"https:\/\/brawix.com\/pl\/?s={search_term_string}\"},\"query-input\":{\"@type\":\"PropertyValueSpecification\",\"valueRequired\":true,\"valueName\":\"search_term_string\"}}],\"inLanguage\":\"pl-PL\"},{\"@type\":\"Organization\",\"@id\":\"https:\/\/brawix.com\/pl\/#organization\",\"name\":\"Brawix\",\"url\":\"https:\/\/brawix.com\/pl\/\",\"logo\":{\"@type\":\"ImageObject\",\"inLanguage\":\"pl-PL\",\"@id\":\"https:\/\/brawix.com\/pl\/#\/schema\/logo\/image\/\",\"url\":\"https:\/\/brawix.com\/wp-content\/uploads\/2025\/04\/brawix-logo-1.jpg\",\"contentUrl\":\"https:\/\/brawix.com\/wp-content\/uploads\/2025\/04\/brawix-logo-1.jpg\",\"width\":900,\"height\":900,\"caption\":\"Brawix\"},\"image\":{\"@id\":\"https:\/\/brawix.com\/pl\/#\/schema\/logo\/image\/\"},\"sameAs\":[\"https:\/\/www.facebook.com\/p\/Brawix-Films-100064348231323\/\"]}]}<\/script>\n<!-- \/ Yoast SEO plugin. -->","yoast_head_json":{"title":"BRAWIX \u2014 Kolorowa folia ochronna PPF | Ochrona i styl","description":"Kolorowe folie ochronne BRAWIX PPF \u2b50 Ochrona karoserii i stylowy wygl\u0105d \u2705 Popularne kolory: Nardo Grey, Tiffany Blue, Ferrari Red i inne \u27a5 Wybierz sw\u00f3j odcie\u0144!","robots":{"index":"index","follow":"follow","max-snippet":"max-snippet:-1","max-image-preview":"max-image-preview:large","max-video-preview":"max-video-preview:-1"},"canonical":"https:\/\/brawix.com\/pl\/color-ppf\/","og_locale":"pl_PL","og_type":"article","og_title":"BRAWIX \u2014 Kolorowa folia ochronna PPF | Ochrona i styl","og_description":"Kolorowe folie ochronne BRAWIX PPF \u2b50 Ochrona karoserii i stylowy wygl\u0105d \u2705 Popularne kolory: Nardo Grey, Tiffany Blue, Ferrari Red i inne \u27a5 Wybierz sw\u00f3j odcie\u0144!","og_url":"https:\/\/brawix.com\/pl\/color-ppf\/","og_site_name":"Brawix","article_publisher":"https:\/\/www.facebook.com\/p\/Brawix-Films-100064348231323\/","article_modified_time":"2026-02-13T13:58:42+00:00","og_image":[{"width":718,"height":284,"url":"https:\/\/brawix.com\/wp-content\/uploads\/2025\/05\/color-ppf.png","type":"image\/png"}],"twitter_card":"summary_large_image","twitter_misc":{"Est. reading time":"4 minuty"},"schema":{"@context":"https:\/\/schema.org","@graph":[{"@type":"WebPage","@id":"https:\/\/brawix.com\/pl\/color-ppf\/","url":"https:\/\/brawix.com\/pl\/color-ppf\/","name":"BRAWIX \u2014 Kolorowa folia ochronna PPF | Ochrona i styl","isPartOf":{"@id":"https:\/\/brawix.com\/pl\/#website"},"primaryImageOfPage":{"@id":"https:\/\/brawix.com\/pl\/color-ppf\/#primaryimage"},"image":{"@id":"https:\/\/brawix.com\/color-ppf\/#primaryimage"},"thumbnailUrl":"https:\/\/brawix.com\/wp-content\/uploads\/2025\/05\/color-ppf.png","datePublished":"2025-04-24T09:43:31+00:00","dateModified":"2026-02-13T13:58:42+00:00","description":"Kolorowe folie ochronne BRAWIX PPF \u2b50 Ochrona karoserii i stylowy wygl\u0105d \u2705 Popularne kolory: Nardo Grey, Tiffany Blue, Ferrari Red i inne \u27a5 Wybierz sw\u00f3j odcie\u0144!","breadcrumb":{"@id":"https:\/\/brawix.com\/pl\/color-ppf\/#breadcrumb"},"inLanguage":"pl-PL","potentialAction":[{"@type":"ReadAction","target":[["https:\/\/brawix.com\/pl\/color-ppf\/"]]}]},{"@type":"ImageObject","inLanguage":"pl-PL","@id":"https:\/\/brawix.com\/pl\/color-ppf\/#primaryimage","url":"https:\/\/brawix.com\/wp-content\/uploads\/2025\/05\/color-ppf.png","contentUrl":"https:\/\/brawix.com\/wp-content\/uploads\/2025\/05\/color-ppf.png","width":718,"height":284,"caption":"color-ppf"},{"@type":"BreadcrumbList","@id":"https:\/\/brawix.com\/pl\/color-ppf\/#breadcrumb","itemListElement":[{"@type":"ListItem","position":1,"name":"\u0413\u043e\u043b\u043e\u0432\u043d\u0430","item":"https:\/\/brawix.com\/pl\/"},{"@type":"ListItem","position":2,"name":"BRAWIX \u2013 Coloured paint protection film | Protection and style"}]},{"@type":"WebSite","@id":"https:\/\/brawix.com\/pl\/#website","url":"https:\/\/brawix.com\/pl\/","name":"Brawix","description":"","publisher":{"@id":"https:\/\/brawix.com\/pl\/#organization"},"potentialAction":[{"@type":"SearchAction","target":{"@type":"EntryPoint","urlTemplate":"https:\/\/brawix.com\/pl\/?s={search_term_string}"},"query-input":{"@type":"PropertyValueSpecification","valueRequired":true,"valueName":"search_term_string"}}],"inLanguage":"pl-PL"},{"@type":"Organization","@id":"https:\/\/brawix.com\/pl\/#organization","name":"Brawix","url":"https:\/\/brawix.com\/pl\/","logo":{"@type":"ImageObject","inLanguage":"pl-PL","@id":"https:\/\/brawix.com\/pl\/#\/schema\/logo\/image\/","url":"https:\/\/brawix.com\/wp-content\/uploads\/2025\/04\/brawix-logo-1.jpg","contentUrl":"https:\/\/brawix.com\/wp-content\/uploads\/2025\/04\/brawix-logo-1.jpg","width":900,"height":900,"caption":"Brawix"},"image":{"@id":"https:\/\/brawix.com\/pl\/#\/schema\/logo\/image\/"},"sameAs":["https:\/\/www.facebook.com\/p\/Brawix-Films-100064348231323\/"]}]}},"_links":{"self":[{"href":"https:\/\/brawix.com\/pl\/wp-json\/wp\/v2\/pages\/186","targetHints":{"allow":["GET"]}}],"collection":[{"href":"https:\/\/brawix.com\/pl\/wp-json\/wp\/v2\/pages"}],"about":[{"href":"https:\/\/brawix.com\/pl\/wp-json\/wp\/v2\/types\/page"}],"author":[{"embeddable":true,"href":"https:\/\/brawix.com\/pl\/wp-json\/wp\/v2\/users\/1"}],"replies":[{"embeddable":true,"href":"https:\/\/brawix.com\/pl\/wp-json\/wp\/v2\/comments?post=186"}],"version-history":[{"count":40,"href":"https:\/\/brawix.com\/pl\/wp-json\/wp\/v2\/pages\/186\/revisions"}],"predecessor-version":[{"id":2182,"href":"https:\/\/brawix.com\/pl\/wp-json\/wp\/v2\/pages\/186\/revisions\/2182"}],"wp:featuredmedia":[{"embeddable":true,"href":"https:\/\/brawix.com\/pl\/wp-json\/wp\/v2\/media\/325"}],"wp:attachment":[{"href":"https:\/\/brawix.com\/pl\/wp-json\/wp\/v2\/media?parent=186"}],"curies":[{"name":"wp","href":"https:\/\/api.w.org\/{rel}","templated":true}]}}